{"id":3,"date":"2021-12-24T13:48:25","date_gmt":"2021-12-24T13:48:25","guid":{"rendered":"http:\/\/wuppus.com\/?page_id=3"},"modified":"2021-12-29T16:18:58","modified_gmt":"2021-12-29T15:18:58","slug":"privacy-policy","status":"publish","type":"page","link":"http:\/\/wuppus.com\/en\/privacy-policy\/","title":{"rendered":"Privacy Policy"},"content":{"rendered":"<div data-elementor-type=\"wp-page\" data-elementor-id=\"3\" class=\"elementor elementor-3\">\n\t\t\t\t\t\t<section class=\"elementor-section elementor-top-section elementor-element elementor-element-f6380d6 elementor-section-boxed elementor-section-height-default elementor-section-height-default\" data-id=\"f6380d6\" data-element_type=\"section\" data-e-type=\"section\">\n\t\t\t\t\t\t<div class=\"elementor-container elementor-column-gap-default\">\n\t\t\t\t\t<div class=\"elementor-column elementor-col-100 elementor-top-column elementor-element elementor-element-310231a\" data-id=\"310231a\" data-element_type=\"column\" data-e-type=\"column\">\n\t\t\t<div class=\"elementor-widget-wrap elementor-element-populated\">\n\t\t\t\t\t\t<div class=\"elementor-element elementor-element-daacbe4 elementor-widget elementor-widget-heading\" data-id=\"daacbe4\" data-element_type=\"widget\" data-e-type=\"widget\" data-widget_type=\"heading.default\">\n\t\t\t\t<div class=\"elementor-widget-container\">\n\t\t\t\t\t<h2 class=\"elementor-heading-title elementor-size-default\">Privatsph\u00e4ren-Einstellungen<\/h2>\t\t\t\t<\/div>\n\t\t\t\t<\/div>\n\t\t\t\t<div class=\"elementor-element elementor-element-ebca049 elementor-widget elementor-widget-text-editor\" data-id=\"ebca049\" data-element_type=\"widget\" data-e-type=\"widget\" data-widget_type=\"text-editor.default\">\n\t\t\t\t<div class=\"elementor-widget-container\">\n\t\t\t\t\t\t\t\t\t<div>\n<div>\n<div>\n<div>\n<div>\n<div>\n<div>\n<div>\n<div>\n<div>\n<div><a  href=\"#consent-change\" role=\"button\" id=\"rcb-sc-link-change\" data-success-message=\"\" class=\"rcb-sc-link rcb-sc-link-change\">Change privacy settings<\/a><\/div>\n<div><a  href=\"#consent-change\" role=\"button\" id=\"rcb-sc-link-change\" data-success-message=\"\" class=\"rcb-sc-link rcb-sc-link-change\">Change privacy settings<\/a><\/div><div><a  href=\"#consent-revoke\" role=\"button\" id=\"rcb-sc-link-revoke\" data-success-message=\"Sie haben die Einwilligung erfolgreich widerrufen. Die Seite wird nun neu geladen.\" class=\"rcb-sc-link rcb-sc-link-revoke\">Revoke consents<\/a><br><\/div>\n\n\n<div><br><\/div>\n<h1>Privacy Policy<\/h1>\n<p>Im Rahmen dieser Datenschutzerkl\u00e4rung m\u00f6chte wir Sie \u00fcber den Umgang mit Ihren pers\u00f6nlichen Daten auf der Website www.wuppus.com informieren. Als Betreiber der Website sind wir die verantwortliche Stelle im Sinne des Bundesdatenschutzgesetzes (\u201eBDSG\u201c). Ihre Privatsph\u00e4re und privaten Daten werden gesch\u00fctzt. Ihre personenbezogenen Daten werden nur in \u00dcbereinstimmung mit dem Inhalt dieser Datenschutzbestimmungen sowie den anwendbaren deutschen Datenschutzgesetzen, insbesondere dem BDSG sowie dem Telemediengesetz (\u201eTMG\u201c) erhoben, verarbeitet und genutzt. In diesen Datenschutzbestimmungen wird geregelt, welche personenbezogenen Daten wir erheben, verarbeiten und nutzen. Wir bitte Sie daher, die nachfolgenden Ausf\u00fchrungen sorgf\u00e4ltig durchzulesen.&nbsp;<\/p>\n<h3>Art und Umfang der Erhebung personenbezogener Daten<\/h3>\n<p>Personenbezogene Daten im Sinne dieser Datenschutzbestimmungen sind Einzelangaben \u00fcber pers\u00f6nliche oder sachliche Verh\u00e4ltnisse einer bestimmten oder bestimmbaren nat\u00fcrlichen Person. Hierzu z\u00e4hlen z.B. Ihr Namen oder Adress- und Kommunikationsdaten, wenn Sie uns diese \u00fcber E-Mail mitteilen. Sie k\u00f6nnen unsere Webseite grunds\u00e4tzlich anonym besuchen, ohne uns mitzuteilen, wer Sie sind. Zu den personenbezogenen Daten z\u00e4hlen auch Informationen \u00fcber Ihre Nutzung dieser Website. Bei jedem Zugriff eines Nutzers auf eine Seite unseres Angebots werden von Ihrem Browser automatisch Daten an unseren Provider (1&amp;1 Internet SE, Elgendorfer Str. 57, 56410 Montabaur) \u00fcbermittelt und in einer Protokolldatei (\u201eLogfile\u201c) gespeichert. Dabei handelt es sich um folgende Daten:<\/p>\n<ul type=\"disc\">\n<li>Browsertyp und Browserversion<\/li>\n<li>Verwendetes Betriebssystem<\/li>\n<li>Hostname des zugreifenden Rechners (IP-Adresse)<\/li>\n<li>Die Adresse der von Ihnen zuletzt besuchten Seite, von der aus Sie zur aktuellen Seite gefolgt sind&nbsp;(&#8222;Refferer-URL&#8220;)<\/li>\n<li>Datum und Uhrzeit der Serveranfrage<\/li>\n<\/ul>\n<p>Diese Daten sind f\u00fcr uns nicht bestimmten Personen zuordenbar. Eine Zusammenf\u00fchrung dieser Daten mit anderen Datenquellen wird nicht vorgenommen. Sie werden zudem nach einer statistischen Auswertung gel\u00f6scht.&nbsp;<\/p>\n<h3>Zweck der Datenerhebung&nbsp;<\/h3>\n<p>Wir verwenden Ihre personenbezogenen Daten um Ihnen die M\u00f6glichkeit zu geben per E-Mail mit uns in Kontakt zu treten, um Fehler der Website festzustellen und zu beseitigen sowie die Auslastung der Website zu \u00fcberpr\u00fcfen.<\/p>\n<h3>Keine Weitergabe Ihrer personenbezogenen Daten<\/h3>\n<p>Wir speichern Ihre personenbezogenen Daten nur um Ihre Anfragen bearbeiten zu k\u00f6nnen. Diese Daten werden nur zur Bearbeitung Ihrer Anfrage bzw. Ihrer Mitteilung verwendet.Wir geben Ihre personenbezogenen Daten nicht an Dritte weiter, es sei denn, dass Sie ausdr\u00fccklich eingewilligt haben oder wir aufgrund gesetzlicher Bestimmungen und\/oder beh\u00f6rdlicher oder gerichtlicher Anordnungen zu einer Datenweitergabe verpflichtet sind. Dabei kann es sich insbesondere um die Auskunftserteilung f\u00fcr Zwecke der Strafverfolgung, zur Gefahrenabwehr oder zur Durchsetzung geistiger Eigentumsrechte handeln.<\/p>\n<h3>Datensicherheit&nbsp;<\/h3>\n<p>Alle Informationen, die Sie an uns \u00fcbermitteln, werden auf Servern innerhalb der Europ\u00e4ischen Union gespeichert. Unser Webserver wird bei der 1und1 SE, Elgendorfer Str. 57, 56410 Montabaur, gehostet Die \u00dcbertragung von Informationen \u00fcber das Internet ist nicht sicher, weshalb wir die Sicherheit der an unsere Website \u00fcbermittelten Daten nicht garantieren k\u00f6nnen. Wir sichern unsere Website und sonstige Systeme jedoch durch technische und organisatorische Ma\u00dfnahmen gegen Verlust, Zerst\u00f6rung, Zugriff, Ver\u00e4nderung oder Verbreitung Ihrer Daten durch unbefugte Personen ab.<\/p>\n<h3>Webanalysedienste und Plugins Soziale Netzwerke&nbsp;<\/h3>\n<p>Diese Website nutzt keine Webanalysedienste und keine plugins sozialer Netzwerke.<\/p>\n<h3>Datenschutz und Websites Dritter<\/h3>\n<p>Die Website kann Hyperlinks zu und von Websites Dritter enthalten. Wenn Sie einem Hyperlink zu einer dieser Websites folgen, beachten Sie bitte, dass wir keine Verantwortung oder Gew\u00e4hr f\u00fcr fremde Inhalte oder Datenschutzbedingungen \u00fcbernehmen k\u00f6nnen. Bitte vergewissern Sie sich \u00fcber die jeweils geltenden Datenschutzbedingungen, bevor Sie personenbezogene Daten an diese Websites \u00fcbermitteln.&nbsp;<\/p>\n<h3>\u00c4nderungen dieser Datenschutzbestimmungen&nbsp;<\/h3>\n<p>Wir behalten uns das Recht vor, diese Datenschutzbestimmungen jederzeit mit Wirkung f\u00fcr die Zukunft zu \u00e4ndern. Eine jeweils aktuelle Version ist auf der Website verf\u00fcgbar. Bitte suchen Sie die Website regelm\u00e4\u00dfig auf und informieren Sie sich \u00fcber die geltenden Datenschutzbestimmungen.<\/p>\n<h3>Ihre Rechte und Kontakt<\/h3>\n<p>Sie haben jederzeit das Recht, auf Antrag unentgeltlich Auskunft \u00fcber die bez\u00fcglich Ihrer Person gespeicherten Daten, deren Herkunft und Empf\u00e4nger sowie den Zweck der Speicherung zu erhalten. Zus\u00e4tzlich haben Sie nach Ma\u00dfgabe der gesetzlichen Bestimmungen ein Recht auf Berichtigung,<\/p>\n<h3>Sperrung und L\u00f6schung dieser personenbezogenen Daten.<\/h3>\n<p>Sollten Sie Fragen, Kommentare oder Anfragen bez\u00fcglich der Erhebung, Verarbeitung und Nutzung Ihrer personenbezogenen Daten durch mich haben, wenden Sie sich bitte an <span><a href=\"mailto:kontakt@wuppus.com\" target=\"_blank\" rel=\"noopener noreferrer\" data-auth=\"NotApplicable\">kontakt@wuppus.com<\/a><\/span><\/p>\n<h3>Zust\u00e4ndige Aufsichtsbeh\u00f6rde<\/h3>\n<p>Der Landesbeauftragte f\u00fcr den Datenschutz Baden-W\u00fcrttemberg Dr. Stefan Brink<\/p>\n<p>Postfach 10 29 32 70025 Stuttgart<\/p>\n<p>oder:<\/p>\n<p>K\u00f6nigstra\u00dfe 10a 70173 Stuttgart<\/p>\n<p>Telefon: 07 11\/61 55 41 &#8211; 0<\/p>\n<p>Telefax: 07 11\/61 55 41 &#8211; 15<\/p>\n<p>Webseite:&nbsp;<a href=\"http:\/\/www.baden-wuerttemberg.datenschutz.de\/\" target=\"_blank\" rel=\"noopener noreferrer\" data-auth=\"NotApplicable\">http:\/\/www.baden-wuerttemberg.datenschutz.de<\/a><\/p>\n<p>E-Mail: poststelle{at}lfd.bwl{dot}de<\/p>\n<\/div>\n<\/div>\n<\/div>\n<\/div>\n<\/div>\n<\/div>\n<\/div>\n<\/div>\n<\/div>\n<\/div>\n<div>\n<div>\n<div>&nbsp;<\/div>\n<\/div>\n<\/div>\n<div>\n<div>\n<div>\n<div>&nbsp;<\/div>\n<\/div>\n<\/div>\n<\/div>\t\t\t\t\t\t\t\t<\/div>\n\t\t\t\t<\/div>\n\t\t\t\t\t<\/div>\n\t\t<\/div>\n\t\t\t\t\t<\/div>\n\t\t<\/section>\n\t\t\t\t<\/div>","protected":false},"excerpt":{"rendered":"<p>Privatsph\u00e4ren-Einstellungen Datenschutzerkl\u00e4rung Im Rahmen dieser Datenschutzerkl\u00e4rung m\u00f6chte wir Sie \u00fcber den Umgang mit Ihren pers\u00f6nlichen Daten auf der Website www.wuppus.com informieren. Als Betreiber der Website sind wir die verantwortliche Stelle im Sinne des Bundesdatenschutzgesetzes (\u201eBDSG\u201c). Ihre Privatsph\u00e4re und privaten Daten werden gesch\u00fctzt. Ihre personenbezogenen Daten werden nur in \u00dcbereinstimmung mit dem Inhalt dieser Datenschutzbestimmungen sowie [&hellip;]<\/p>\n","protected":false},"author":1,"featured_media":0,"parent":0,"menu_order":0,"comment_status":"closed","ping_status":"open","template":"","meta":{"ocean_post_layout":"","ocean_both_sidebars_style":"","ocean_both_sidebars_content_width":0,"ocean_both_sidebars_sidebars_width":0,"ocean_sidebar":"0","ocean_second_sidebar":"0","ocean_disable_margins":"enable","ocean_add_body_class":"","ocean_shortcode_before_top_bar":"","ocean_shortcode_after_top_bar":"","ocean_shortcode_before_header":"","ocean_shortcode_after_header":"","ocean_has_shortcode":"","ocean_shortcode_after_title":"","ocean_shortcode_before_footer_widgets":"","ocean_shortcode_after_footer_widgets":"","ocean_shortcode_before_footer_bottom":"","ocean_shortcode_after_footer_bottom":"","ocean_display_top_bar":"default","ocean_display_header":"default","ocean_header_style":"","ocean_center_header_left_menu":"0","ocean_custom_header_template":"0","ocean_custom_logo":0,"ocean_custom_retina_logo":0,"ocean_custom_logo_max_width":0,"ocean_custom_logo_tablet_max_width":0,"ocean_custom_logo_mobile_max_width":0,"ocean_custom_logo_max_height":0,"ocean_custom_logo_tablet_max_height":0,"ocean_custom_logo_mobile_max_height":0,"ocean_header_custom_menu":"0","ocean_menu_typo_font_family":"0","ocean_menu_typo_font_subset":"","ocean_menu_typo_font_size":0,"ocean_menu_typo_font_size_tablet":0,"ocean_menu_typo_font_size_mobile":0,"ocean_menu_typo_font_size_unit":"px","ocean_menu_typo_font_weight":"","ocean_menu_typo_font_weight_tablet":"","ocean_menu_typo_font_weight_mobile":"","ocean_menu_typo_transform":"","ocean_menu_typo_transform_tablet":"","ocean_menu_typo_transform_mobile":"","ocean_menu_typo_line_height":0,"ocean_menu_typo_line_height_tablet":0,"ocean_menu_typo_line_height_mobile":0,"ocean_menu_typo_line_height_unit":"","ocean_menu_typo_spacing":0,"ocean_menu_typo_spacing_tablet":0,"ocean_menu_typo_spacing_mobile":0,"ocean_menu_typo_spacing_unit":"","ocean_menu_link_color":"","ocean_menu_link_color_hover":"","ocean_menu_link_color_active":"","ocean_menu_link_background":"","ocean_menu_link_hover_background":"","ocean_menu_link_active_background":"","ocean_menu_social_links_bg":"","ocean_menu_social_hover_links_bg":"","ocean_menu_social_links_color":"","ocean_menu_social_hover_links_color":"","ocean_disable_title":"on","ocean_disable_heading":"default","ocean_post_title":"","ocean_post_subheading":"","ocean_post_title_style":"","ocean_post_title_background_color":"","ocean_post_title_background":0,"ocean_post_title_bg_image_position":"","ocean_post_title_bg_image_attachment":"","ocean_post_title_bg_image_repeat":"","ocean_post_title_bg_image_size":"","ocean_post_title_height":0,"ocean_post_title_bg_overlay":0.5,"ocean_post_title_bg_overlay_color":"","ocean_disable_breadcrumbs":"default","ocean_breadcrumbs_color":"","ocean_breadcrumbs_separator_color":"","ocean_breadcrumbs_links_color":"","ocean_breadcrumbs_links_hover_color":"","ocean_display_footer_widgets":"off","ocean_display_footer_bottom":"default","ocean_custom_footer_template":"0","footnotes":""},"class_list":["post-3","page","type-page","status-publish","hentry","entry"],"yoast_head":"<!-- This site is optimized with the Yoast SEO plugin v27.4 - https:\/\/yoast.com\/product\/yoast-seo-wordpress\/ -->\n<title>Privacy Policy - WUPPUS Classic Cars<\/title>\n<meta name=\"robots\" content=\"index, follow, max-snippet:-1, max-image-preview:large, max-video-preview:-1\" \/>\n<link rel=\"canonical\" href=\"https:\/\/wuppus.com\/en\/privacy-policy\/\" \/>\n<meta property=\"og:locale\" content=\"en_GB\" \/>\n<meta property=\"og:type\" content=\"article\" \/>\n<meta property=\"og:title\" content=\"Privacy Policy - WUPPUS Classic Cars\" \/>\n<meta property=\"og:description\" content=\"Privatsph\u00e4ren-Einstellungen Datenschutzerkl\u00e4rung Im Rahmen dieser Datenschutzerkl\u00e4rung m\u00f6chte wir Sie \u00fcber den Umgang mit Ihren pers\u00f6nlichen Daten auf der Website www.wuppus.com informieren. Als Betreiber der Website sind wir die verantwortliche Stelle im Sinne des Bundesdatenschutzgesetzes (\u201eBDSG\u201c). Ihre Privatsph\u00e4re und privaten Daten werden gesch\u00fctzt. Ihre personenbezogenen Daten werden nur in \u00dcbereinstimmung mit dem Inhalt dieser Datenschutzbestimmungen sowie [&hellip;]\" \/>\n<meta property=\"og:url\" content=\"https:\/\/wuppus.com\/en\/privacy-policy\/\" \/>\n<meta property=\"og:site_name\" content=\"WUPPUS Classic Cars\" \/>\n<meta property=\"article:modified_time\" content=\"2021-12-29T15:18:58+00:00\" \/>\n<meta name=\"twitter:card\" content=\"summary_large_image\" \/>\n<meta name=\"twitter:label1\" content=\"Estimated reading time\" \/>\n\t<meta name=\"twitter:data1\" content=\"4 minutes\" \/>\n<script type=\"application\/ld+json\" class=\"yoast-schema-graph\">{\"@context\":\"https:\\\/\\\/schema.org\",\"@graph\":[{\"@type\":\"WebPage\",\"@id\":\"https:\\\/\\\/wuppus.com\\\/privacy-policy\\\/\",\"url\":\"https:\\\/\\\/wuppus.com\\\/privacy-policy\\\/\",\"name\":\"Privacy Policy - WUPPUS Classic Cars\",\"isPartOf\":{\"@id\":\"https:\\\/\\\/wuppus.com\\\/#website\"},\"datePublished\":\"2021-12-24T13:48:25+00:00\",\"dateModified\":\"2021-12-29T15:18:58+00:00\",\"breadcrumb\":{\"@id\":\"https:\\\/\\\/wuppus.com\\\/privacy-policy\\\/#breadcrumb\"},\"inLanguage\":\"en-GB\",\"potentialAction\":[{\"@type\":\"ReadAction\",\"target\":[\"https:\\\/\\\/wuppus.com\\\/privacy-policy\\\/\"]}]},{\"@type\":\"BreadcrumbList\",\"@id\":\"https:\\\/\\\/wuppus.com\\\/privacy-policy\\\/#breadcrumb\",\"itemListElement\":[{\"@type\":\"ListItem\",\"position\":1,\"name\":\"Startseite\",\"item\":\"https:\\\/\\\/wuppus.com\\\/\"},{\"@type\":\"ListItem\",\"position\":2,\"name\":\"Privacy Policy\"}]},{\"@type\":\"WebSite\",\"@id\":\"https:\\\/\\\/wuppus.com\\\/#website\",\"url\":\"https:\\\/\\\/wuppus.com\\\/\",\"name\":\"WUPPUS Classic Cars\",\"description\":\"Oldtimer Classic Cars Jaguar E-Type Mercedes Autoankauf Autoverkauf Restauration Karosseriearbeiten Oldtimerhandel Autohandel Oldtimerverkauf Oldtimerankauf Instandsetzung Reparatur Restoration Cars for sale wir vintage\",\"publisher\":{\"@id\":\"https:\\\/\\\/wuppus.com\\\/#organization\"},\"potentialAction\":[{\"@type\":\"SearchAction\",\"target\":{\"@type\":\"EntryPoint\",\"urlTemplate\":\"https:\\\/\\\/wuppus.com\\\/?s={search_term_string}\"},\"query-input\":{\"@type\":\"PropertyValueSpecification\",\"valueRequired\":true,\"valueName\":\"search_term_string\"}}],\"inLanguage\":\"en-GB\"},{\"@type\":\"Organization\",\"@id\":\"https:\\\/\\\/wuppus.com\\\/#organization\",\"name\":\"WUPPUS Classic Cars - WUPPUS GmbH & Co. KG\",\"url\":\"https:\\\/\\\/wuppus.com\\\/\",\"logo\":{\"@type\":\"ImageObject\",\"inLanguage\":\"en-GB\",\"@id\":\"https:\\\/\\\/wuppus.com\\\/#\\\/schema\\\/logo\\\/image\\\/\",\"url\":\"https:\\\/\\\/wuppus.com\\\/wp-content\\\/uploads\\\/2021\\\/12\\\/Logo1-1.gif\",\"contentUrl\":\"https:\\\/\\\/wuppus.com\\\/wp-content\\\/uploads\\\/2021\\\/12\\\/Logo1-1.gif\",\"width\":809,\"height\":272,\"caption\":\"WUPPUS Classic Cars - WUPPUS GmbH & Co. KG\"},\"image\":{\"@id\":\"https:\\\/\\\/wuppus.com\\\/#\\\/schema\\\/logo\\\/image\\\/\"}}]}<\/script>\n<!-- \/ Yoast SEO plugin. -->","yoast_head_json":{"title":"Privacy Policy - WUPPUS Classic Cars","robots":{"index":"index","follow":"follow","max-snippet":"max-snippet:-1","max-image-preview":"max-image-preview:large","max-video-preview":"max-video-preview:-1"},"canonical":"https:\/\/wuppus.com\/en\/privacy-policy\/","og_locale":"en_GB","og_type":"article","og_title":"Privacy Policy - WUPPUS Classic Cars","og_description":"Privatsph\u00e4ren-Einstellungen Datenschutzerkl\u00e4rung Im Rahmen dieser Datenschutzerkl\u00e4rung m\u00f6chte wir Sie \u00fcber den Umgang mit Ihren pers\u00f6nlichen Daten auf der Website www.wuppus.com informieren. Als Betreiber der Website sind wir die verantwortliche Stelle im Sinne des Bundesdatenschutzgesetzes (\u201eBDSG\u201c). Ihre Privatsph\u00e4re und privaten Daten werden gesch\u00fctzt. Ihre personenbezogenen Daten werden nur in \u00dcbereinstimmung mit dem Inhalt dieser Datenschutzbestimmungen sowie [&hellip;]","og_url":"https:\/\/wuppus.com\/en\/privacy-policy\/","og_site_name":"WUPPUS Classic Cars","article_modified_time":"2021-12-29T15:18:58+00:00","twitter_card":"summary_large_image","twitter_misc":{"Estimated reading time":"4 minutes"},"schema":{"@context":"https:\/\/schema.org","@graph":[{"@type":"WebPage","@id":"https:\/\/wuppus.com\/privacy-policy\/","url":"https:\/\/wuppus.com\/privacy-policy\/","name":"Privacy Policy - WUPPUS Classic Cars","isPartOf":{"@id":"https:\/\/wuppus.com\/#website"},"datePublished":"2021-12-24T13:48:25+00:00","dateModified":"2021-12-29T15:18:58+00:00","breadcrumb":{"@id":"https:\/\/wuppus.com\/privacy-policy\/#breadcrumb"},"inLanguage":"en-GB","potentialAction":[{"@type":"ReadAction","target":["https:\/\/wuppus.com\/privacy-policy\/"]}]},{"@type":"BreadcrumbList","@id":"https:\/\/wuppus.com\/privacy-policy\/#breadcrumb","itemListElement":[{"@type":"ListItem","position":1,"name":"Startseite","item":"https:\/\/wuppus.com\/"},{"@type":"ListItem","position":2,"name":"Privacy Policy"}]},{"@type":"WebSite","@id":"https:\/\/wuppus.com\/#website","url":"https:\/\/wuppus.com\/","name":"WUPPUS Classic Cars","description":"Oldtimer Classic Cars Jaguar E-Type Mercedes Autoankauf Autoverkauf Restauration Karosseriearbeiten Oldtimerhandel Autohandel Oldtimerverkauf Oldtimerankauf Instandsetzung Reparatur Restoration Cars for sale wir vintage","publisher":{"@id":"https:\/\/wuppus.com\/#organization"},"potentialAction":[{"@type":"SearchAction","target":{"@type":"EntryPoint","urlTemplate":"https:\/\/wuppus.com\/?s={search_term_string}"},"query-input":{"@type":"PropertyValueSpecification","valueRequired":true,"valueName":"search_term_string"}}],"inLanguage":"en-GB"},{"@type":"Organization","@id":"https:\/\/wuppus.com\/#organization","name":"WUPPUS Classic Cars - WUPPUS GmbH & Co. KG","url":"https:\/\/wuppus.com\/","logo":{"@type":"ImageObject","inLanguage":"en-GB","@id":"https:\/\/wuppus.com\/#\/schema\/logo\/image\/","url":"https:\/\/wuppus.com\/wp-content\/uploads\/2021\/12\/Logo1-1.gif","contentUrl":"https:\/\/wuppus.com\/wp-content\/uploads\/2021\/12\/Logo1-1.gif","width":809,"height":272,"caption":"WUPPUS Classic Cars - WUPPUS GmbH & Co. KG"},"image":{"@id":"https:\/\/wuppus.com\/#\/schema\/logo\/image\/"}}]}},"_links":{"self":[{"href":"http:\/\/wuppus.com\/en\/wp-json\/wp\/v2\/pages\/3","targetHints":{"allow":["GET"]}}],"collection":[{"href":"http:\/\/wuppus.com\/en\/wp-json\/wp\/v2\/pages"}],"about":[{"href":"http:\/\/wuppus.com\/en\/wp-json\/wp\/v2\/types\/page"}],"author":[{"embeddable":true,"href":"http:\/\/wuppus.com\/en\/wp-json\/wp\/v2\/users\/1"}],"replies":[{"embeddable":true,"href":"http:\/\/wuppus.com\/en\/wp-json\/wp\/v2\/comments?post=3"}],"version-history":[{"count":12,"href":"http:\/\/wuppus.com\/en\/wp-json\/wp\/v2\/pages\/3\/revisions"}],"predecessor-version":[{"id":1065,"href":"http:\/\/wuppus.com\/en\/wp-json\/wp\/v2\/pages\/3\/revisions\/1065"}],"wp:attachment":[{"href":"http:\/\/wuppus.com\/en\/wp-json\/wp\/v2\/media?parent=3"}],"curies":[{"name":"wp","href":"https:\/\/api.w.org\/{rel}","templated":true}]}}