{"id":662,"date":"2021-12-27T15:44:40","date_gmt":"2021-12-27T14:44:40","guid":{"rendered":"http:\/\/wuppus.com\/?page_id=662"},"modified":"2021-12-29T18:53:44","modified_gmt":"2021-12-29T17:53:44","slug":"bmw-2002-tii","status":"publish","type":"page","link":"http:\/\/wuppus.com\/en\/bmw-2002-tii\/","title":{"rendered":"BMW 2002 tii"},"content":{"rendered":"<div data-elementor-type=\"wp-page\" data-elementor-id=\"662\" class=\"elementor elementor-662\">\n\t\t\t\t\t\t<section class=\"elementor-section elementor-top-section elementor-element elementor-element-6918122 elementor-section-boxed elementor-section-height-default elementor-section-height-default\" data-id=\"6918122\" data-element_type=\"section\" data-e-type=\"section\">\n\t\t\t\t\t\t<div class=\"elementor-container elementor-column-gap-default\">\n\t\t\t\t\t<div class=\"elementor-column elementor-col-100 elementor-top-column elementor-element elementor-element-a185fa5\" data-id=\"a185fa5\" data-element_type=\"column\" data-e-type=\"column\">\n\t\t\t<div class=\"elementor-widget-wrap elementor-element-populated\">\n\t\t\t\t\t\t<div class=\"elementor-element elementor-element-665d777 elementor-widget elementor-widget-heading\" data-id=\"665d777\" data-element_type=\"widget\" data-e-type=\"widget\" data-widget_type=\"heading.default\">\n\t\t\t\t<div class=\"elementor-widget-container\">\n\t\t\t\t\t<h2 class=\"elementor-heading-title elementor-size-medium\">BMW 2002 tii<\/h2>\t\t\t\t<\/div>\n\t\t\t\t<\/div>\n\t\t\t\t\t<\/div>\n\t\t<\/div>\n\t\t\t\t\t<\/div>\n\t\t<\/section>\n\t\t\t\t<section class=\"elementor-section elementor-top-section elementor-element elementor-element-6ce10f4 elementor-section-boxed elementor-section-height-default elementor-section-height-default\" data-id=\"6ce10f4\" data-element_type=\"section\" data-e-type=\"section\">\n\t\t\t\t\t\t<div class=\"elementor-container elementor-column-gap-default\">\n\t\t\t\t\t<div class=\"elementor-column elementor-col-100 elementor-top-column elementor-element elementor-element-a0d90bd\" data-id=\"a0d90bd\" data-element_type=\"column\" data-e-type=\"column\">\n\t\t\t<div class=\"elementor-widget-wrap elementor-element-populated\">\n\t\t\t\t\t\t<div class=\"elementor-element elementor-element-d3b518e elementor-widget elementor-widget-text-editor\" data-id=\"d3b518e\" data-element_type=\"widget\" data-e-type=\"widget\" data-widget_type=\"text-editor.default\">\n\t\t\t\t<div class=\"elementor-widget-container\">\n\t\t\t\t\t\t\t\t\t<p>The 2002 tii is a vehicle from Japan with good substance. The following work was carried out as part of a partial restoration:<\/p><ul><li>Refurbishment of the interior, production of a new parcel shelf and covers in the boot, re-upholstering of the front seats, repair of the door trim<\/li><li>Dismantling of the retrofit air conditioning system and manufacturing of a centre console in the original look<\/li><li>Installation of automatic seat belts front and rear<\/li><li>Repair of electrics and wiring harness<\/li><li>Overhaul of gearshift linkage<\/li><li>Overhaul of steering linkage and track rods<\/li><li>Overhaul of brake system<\/li><li>Renewal of front wheel bearings<\/li><li>Renewal of exhaust system<\/li><li>Installation of missing windscreen washer system<\/li><li>Renewal of bonnet insulation<\/li><li>Renewal of cooling system hoses<\/li><li>Repair of optical defects on the body and body fittings<\/li><li>Conversion of lighting to comply with StVZO<\/li><li>Full acceptance by the T\u00dcV incl. classic car certificate<\/li><\/ul>\t\t\t\t\t\t\t\t<\/div>\n\t\t\t\t<\/div>\n\t\t\t\t\t<\/div>\n\t\t<\/div>\n\t\t\t\t\t<\/div>\n\t\t<\/section>\n\t\t\t\t<section class=\"elementor-section elementor-top-section elementor-element elementor-element-a968965 elementor-section-boxed elementor-section-height-default elementor-section-height-default\" data-id=\"a968965\" data-element_type=\"section\" data-e-type=\"section\">\n\t\t\t\t\t\t<div class=\"elementor-container elementor-column-gap-default\">\n\t\t\t\t\t<div class=\"elementor-column elementor-col-100 elementor-top-column elementor-element elementor-element-cd963d5\" data-id=\"cd963d5\" data-element_type=\"column\" data-e-type=\"column\">\n\t\t\t<div class=\"elementor-widget-wrap elementor-element-populated\">\n\t\t\t\t\t\t<div class=\"elementor-element elementor-element-1624ac8 elementor-widget elementor-widget-gallery\" data-id=\"1624ac8\" data-element_type=\"widget\" data-e-type=\"widget\" data-settings=\"{&quot;columns&quot;:8,&quot;lazyload&quot;:&quot;yes&quot;,&quot;gallery_layout&quot;:&quot;grid&quot;,&quot;columns_tablet&quot;:2,&quot;columns_mobile&quot;:1,&quot;gap&quot;:{&quot;unit&quot;:&quot;px&quot;,&quot;size&quot;:10,&quot;sizes&quot;:[]},&quot;gap_tablet&quot;:{&quot;unit&quot;:&quot;px&quot;,&quot;size&quot;:10,&quot;sizes&quot;:[]},&quot;gap_mobile&quot;:{&quot;unit&quot;:&quot;px&quot;,&quot;size&quot;:10,&quot;sizes&quot;:[]},&quot;link_to&quot;:&quot;file&quot;,&quot;aspect_ratio&quot;:&quot;3:2&quot;,&quot;overlay_background&quot;:&quot;yes&quot;,&quot;content_hover_animation&quot;:&quot;fade-in&quot;}\" data-widget_type=\"gallery.default\">\n\t\t\t\t<div class=\"elementor-widget-container\">\n\t\t\t\t\t\t\t<div class=\"elementor-gallery__container\">\n\t\t\t\t\t\t\t<a class=\"e-gallery-item elementor-gallery-item elementor-animated-content\" href=\"https:\/\/wuppus.com\/wp-content\/uploads\/2021\/12\/Seite-Links.jpg\" data-elementor-open-lightbox=\"yes\" data-elementor-lightbox-slideshow=\"all-1624ac8\" data-elementor-lightbox-title=\"Seite Links\" data-e-action-hash=\"#elementor-action%3Aaction%3Dlightbox%26settings%3DeyJpZCI6NjgwLCJ1cmwiOiJodHRwczpcL1wvd3VwcHVzLmNvbVwvd3AtY29udGVudFwvdXBsb2Fkc1wvMjAyMVwvMTJcL1NlaXRlLUxpbmtzLmpwZyIsInNsaWRlc2hvdyI6ImFsbC0xNjI0YWM4In0%3D\">\n\t\t\t\t\t<div class=\"e-gallery-image elementor-gallery-item__image\" data-thumbnail=\"https:\/\/wuppus.com\/wp-content\/uploads\/2021\/12\/Seite-Links-300x200.jpg\" data-width=\"300\" data-height=\"200\" alt=\"\" ><\/div>\n\t\t\t\t\t\t\t\t\t\t\t<div class=\"elementor-gallery-item__overlay\"><\/div>\n\t\t\t\t\t\t\t\t\t\t\t\t\t\t<\/a>\n\t\t\t\t\t\t\t<a class=\"e-gallery-item elementor-gallery-item elementor-animated-content\" href=\"https:\/\/wuppus.com\/wp-content\/uploads\/2021\/12\/DSC01202-scaled.jpg\" data-elementor-open-lightbox=\"yes\" data-elementor-lightbox-slideshow=\"all-1624ac8\" data-elementor-lightbox-title=\"DSC01202\" data-e-action-hash=\"#elementor-action%3Aaction%3Dlightbox%26settings%3DeyJpZCI6Njc3LCJ1cmwiOiJodHRwczpcL1wvd3VwcHVzLmNvbVwvd3AtY29udGVudFwvdXBsb2Fkc1wvMjAyMVwvMTJcL0RTQzAxMjAyLXNjYWxlZC5qcGciLCJzbGlkZXNob3ciOiJhbGwtMTYyNGFjOCJ9\">\n\t\t\t\t\t<div class=\"e-gallery-image elementor-gallery-item__image\" data-thumbnail=\"https:\/\/wuppus.com\/wp-content\/uploads\/2021\/12\/DSC01202-300x200.jpg\" data-width=\"300\" data-height=\"200\" alt=\"\" ><\/div>\n\t\t\t\t\t\t\t\t\t\t\t<div class=\"elementor-gallery-item__overlay\"><\/div>\n\t\t\t\t\t\t\t\t\t\t\t\t\t\t<\/a>\n\t\t\t\t\t\t\t<a class=\"e-gallery-item elementor-gallery-item elementor-animated-content\" href=\"https:\/\/wuppus.com\/wp-content\/uploads\/2021\/12\/2002-tii.jpg\" data-elementor-open-lightbox=\"yes\" data-elementor-lightbox-slideshow=\"all-1624ac8\" data-elementor-lightbox-title=\"2002 tii\" data-e-action-hash=\"#elementor-action%3Aaction%3Dlightbox%26settings%3DeyJpZCI6Njc1LCJ1cmwiOiJodHRwczpcL1wvd3VwcHVzLmNvbVwvd3AtY29udGVudFwvdXBsb2Fkc1wvMjAyMVwvMTJcLzIwMDItdGlpLmpwZyIsInNsaWRlc2hvdyI6ImFsbC0xNjI0YWM4In0%3D\">\n\t\t\t\t\t<div class=\"e-gallery-image elementor-gallery-item__image\" data-thumbnail=\"https:\/\/wuppus.com\/wp-content\/uploads\/2021\/12\/2002-tii-300x200.jpg\" data-width=\"300\" data-height=\"200\" alt=\"\" ><\/div>\n\t\t\t\t\t\t\t\t\t\t\t<div class=\"elementor-gallery-item__overlay\"><\/div>\n\t\t\t\t\t\t\t\t\t\t\t\t\t\t<\/a>\n\t\t\t\t\t\t\t<a class=\"e-gallery-item elementor-gallery-item elementor-animated-content\" href=\"https:\/\/wuppus.com\/wp-content\/uploads\/2021\/12\/Spiegel.jpg\" data-elementor-open-lightbox=\"yes\" data-elementor-lightbox-slideshow=\"all-1624ac8\" data-elementor-lightbox-title=\"Spiegel\" data-e-action-hash=\"#elementor-action%3Aaction%3Dlightbox%26settings%3DeyJpZCI6NjgxLCJ1cmwiOiJodHRwczpcL1wvd3VwcHVzLmNvbVwvd3AtY29udGVudFwvdXBsb2Fkc1wvMjAyMVwvMTJcL1NwaWVnZWwuanBnIiwic2xpZGVzaG93IjoiYWxsLTE2MjRhYzgifQ%3D%3D\">\n\t\t\t\t\t<div class=\"e-gallery-image elementor-gallery-item__image\" data-thumbnail=\"https:\/\/wuppus.com\/wp-content\/uploads\/2021\/12\/Spiegel-300x200.jpg\" data-width=\"300\" data-height=\"200\" alt=\"\" ><\/div>\n\t\t\t\t\t\t\t\t\t\t\t<div class=\"elementor-gallery-item__overlay\"><\/div>\n\t\t\t\t\t\t\t\t\t\t\t\t\t\t<\/a>\n\t\t\t\t\t\t\t<a class=\"e-gallery-item elementor-gallery-item elementor-animated-content\" href=\"https:\/\/wuppus.com\/wp-content\/uploads\/2021\/12\/BMW-Logo.jpg\" data-elementor-open-lightbox=\"yes\" data-elementor-lightbox-slideshow=\"all-1624ac8\" data-elementor-lightbox-title=\"BMW Logo\" data-e-action-hash=\"#elementor-action%3Aaction%3Dlightbox%26settings%3DeyJpZCI6Njc2LCJ1cmwiOiJodHRwczpcL1wvd3VwcHVzLmNvbVwvd3AtY29udGVudFwvdXBsb2Fkc1wvMjAyMVwvMTJcL0JNVy1Mb2dvLmpwZyIsInNsaWRlc2hvdyI6ImFsbC0xNjI0YWM4In0%3D\">\n\t\t\t\t\t<div class=\"e-gallery-image elementor-gallery-item__image\" data-thumbnail=\"https:\/\/wuppus.com\/wp-content\/uploads\/2021\/12\/BMW-Logo-300x200.jpg\" data-width=\"300\" data-height=\"200\" alt=\"\" ><\/div>\n\t\t\t\t\t\t\t\t\t\t\t<div class=\"elementor-gallery-item__overlay\"><\/div>\n\t\t\t\t\t\t\t\t\t\t\t\t\t\t<\/a>\n\t\t\t\t\t\t\t<a class=\"e-gallery-item elementor-gallery-item elementor-animated-content\" href=\"https:\/\/wuppus.com\/wp-content\/uploads\/2021\/12\/Innen7.jpg\" data-elementor-open-lightbox=\"yes\" data-elementor-lightbox-slideshow=\"all-1624ac8\" data-elementor-lightbox-title=\"Innen7\" data-e-action-hash=\"#elementor-action%3Aaction%3Dlightbox%26settings%3DeyJpZCI6Njc4LCJ1cmwiOiJodHRwczpcL1wvd3VwcHVzLmNvbVwvd3AtY29udGVudFwvdXBsb2Fkc1wvMjAyMVwvMTJcL0lubmVuNy5qcGciLCJzbGlkZXNob3ciOiJhbGwtMTYyNGFjOCJ9\">\n\t\t\t\t\t<div class=\"e-gallery-image elementor-gallery-item__image\" data-thumbnail=\"https:\/\/wuppus.com\/wp-content\/uploads\/2021\/12\/Innen7-300x200.jpg\" data-width=\"300\" data-height=\"200\" alt=\"\" ><\/div>\n\t\t\t\t\t\t\t\t\t\t\t<div class=\"elementor-gallery-item__overlay\"><\/div>\n\t\t\t\t\t\t\t\t\t\t\t\t\t\t<\/a>\n\t\t\t\t\t\t\t<a class=\"e-gallery-item elementor-gallery-item elementor-animated-content\" href=\"https:\/\/wuppus.com\/wp-content\/uploads\/2021\/12\/Motor2.jpg\" data-elementor-open-lightbox=\"yes\" data-elementor-lightbox-slideshow=\"all-1624ac8\" data-elementor-lightbox-title=\"Motor2\" data-e-action-hash=\"#elementor-action%3Aaction%3Dlightbox%26settings%3DeyJpZCI6Njc5LCJ1cmwiOiJodHRwczpcL1wvd3VwcHVzLmNvbVwvd3AtY29udGVudFwvdXBsb2Fkc1wvMjAyMVwvMTJcL01vdG9yMi5qcGciLCJzbGlkZXNob3ciOiJhbGwtMTYyNGFjOCJ9\">\n\t\t\t\t\t<div class=\"e-gallery-image elementor-gallery-item__image\" data-thumbnail=\"https:\/\/wuppus.com\/wp-content\/uploads\/2021\/12\/Motor2-300x200.jpg\" data-width=\"300\" data-height=\"200\" alt=\"\" ><\/div>\n\t\t\t\t\t\t\t\t\t\t\t<div class=\"elementor-gallery-item__overlay\"><\/div>\n\t\t\t\t\t\t\t\t\t\t\t\t\t\t<\/a>\n\t\t\t\t\t\t\t<a class=\"e-gallery-item elementor-gallery-item elementor-animated-content\" href=\"https:\/\/wuppus.com\/wp-content\/uploads\/2021\/12\/Unterboden5.jpg\" data-elementor-open-lightbox=\"yes\" data-elementor-lightbox-slideshow=\"all-1624ac8\" data-elementor-lightbox-title=\"Unterboden5\" data-e-action-hash=\"#elementor-action%3Aaction%3Dlightbox%26settings%3DeyJpZCI6NjgyLCJ1cmwiOiJodHRwczpcL1wvd3VwcHVzLmNvbVwvd3AtY29udGVudFwvdXBsb2Fkc1wvMjAyMVwvMTJcL1VudGVyYm9kZW41LmpwZyIsInNsaWRlc2hvdyI6ImFsbC0xNjI0YWM4In0%3D\">\n\t\t\t\t\t<div class=\"e-gallery-image elementor-gallery-item__image\" data-thumbnail=\"https:\/\/wuppus.com\/wp-content\/uploads\/2021\/12\/Unterboden5-300x200.jpg\" data-width=\"300\" data-height=\"200\" alt=\"\" ><\/div>\n\t\t\t\t\t\t\t\t\t\t\t<div class=\"elementor-gallery-item__overlay\"><\/div>\n\t\t\t\t\t\t\t\t\t\t\t\t\t\t<\/a>\n\t\t\t\t\t<\/div>\n\t\t\t\t\t<\/div>\n\t\t\t\t<\/div>\n\t\t\t\t\t<\/div>\n\t\t<\/div>\n\t\t\t\t\t<\/div>\n\t\t<\/section>\n\t\t\t\t<\/div>","protected":false},"excerpt":{"rendered":"<p>BMW 2002 tii Bei dem 2002 tii handelt es sich um ein Fahrzeug aus Japan mit guter Substanz. Im Rahmen einer Teilrestauration wurden folgende Arbeiten durchgef\u00fchrt: Aufarbeitung Innenraum, Anfertigung neuer Hutablage und Abdeckungen im Kofferraum, Aufpolsterung der Vordersitze, Instandsetzen T\u00fcrverkleidung R\u00fcckbau der Nachr\u00fcstklimaanlage und Anfertigung einer Mittelkonsole in der originale Optik Einbau Automatikgurte vorne und [&hellip;]<\/p>\n","protected":false},"author":1,"featured_media":0,"parent":0,"menu_order":0,"comment_status":"closed","ping_status":"closed","template":"","meta":{"ocean_post_layout":"","ocean_both_sidebars_style":"","ocean_both_sidebars_content_width":0,"ocean_both_sidebars_sidebars_width":0,"ocean_sidebar":"0","ocean_second_sidebar":"0","ocean_disable_margins":"enable","ocean_add_body_class":"","ocean_shortcode_before_top_bar":"","ocean_shortcode_after_top_bar":"","ocean_shortcode_before_header":"","ocean_shortcode_after_header":"","ocean_has_shortcode":"","ocean_shortcode_after_title":"","ocean_shortcode_before_footer_widgets":"","ocean_shortcode_after_footer_widgets":"","ocean_shortcode_before_footer_bottom":"","ocean_shortcode_after_footer_bottom":"","ocean_display_top_bar":"default","ocean_display_header":"default","ocean_header_style":"","ocean_center_header_left_menu":"0","ocean_custom_header_template":"0","ocean_custom_logo":0,"ocean_custom_retina_logo":0,"ocean_custom_logo_max_width":0,"ocean_custom_logo_tablet_max_width":0,"ocean_custom_logo_mobile_max_width":0,"ocean_custom_logo_max_height":0,"ocean_custom_logo_tablet_max_height":0,"ocean_custom_logo_mobile_max_height":0,"ocean_header_custom_menu":"0","ocean_menu_typo_font_family":"0","ocean_menu_typo_font_subset":"","ocean_menu_typo_font_size":0,"ocean_menu_typo_font_size_tablet":0,"ocean_menu_typo_font_size_mobile":0,"ocean_menu_typo_font_size_unit":"px","ocean_menu_typo_font_weight":"","ocean_menu_typo_font_weight_tablet":"","ocean_menu_typo_font_weight_mobile":"","ocean_menu_typo_transform":"","ocean_menu_typo_transform_tablet":"","ocean_menu_typo_transform_mobile":"","ocean_menu_typo_line_height":0,"ocean_menu_typo_line_height_tablet":0,"ocean_menu_typo_line_height_mobile":0,"ocean_menu_typo_line_height_unit":"","ocean_menu_typo_spacing":0,"ocean_menu_typo_spacing_tablet":0,"ocean_menu_typo_spacing_mobile":0,"ocean_menu_typo_spacing_unit":"","ocean_menu_link_color":"","ocean_menu_link_color_hover":"","ocean_menu_link_color_active":"","ocean_menu_link_background":"","ocean_menu_link_hover_background":"","ocean_menu_link_active_background":"","ocean_menu_social_links_bg":"","ocean_menu_social_hover_links_bg":"","ocean_menu_social_links_color":"","ocean_menu_social_hover_links_color":"","ocean_disable_title":"on","ocean_disable_heading":"on","ocean_post_title":"","ocean_post_subheading":"","ocean_post_title_style":"","ocean_post_title_background_color":"","ocean_post_title_background":0,"ocean_post_title_bg_image_position":"","ocean_post_title_bg_image_attachment":"","ocean_post_title_bg_image_repeat":"","ocean_post_title_bg_image_size":"","ocean_post_title_height":0,"ocean_post_title_bg_overlay":0.5,"ocean_post_title_bg_overlay_color":"","ocean_disable_breadcrumbs":"default","ocean_breadcrumbs_color":"","ocean_breadcrumbs_separator_color":"","ocean_breadcrumbs_links_color":"","ocean_breadcrumbs_links_hover_color":"","ocean_display_footer_widgets":"off","ocean_display_footer_bottom":"default","ocean_custom_footer_template":"0","footnotes":""},"class_list":["post-662","page","type-page","status-publish","hentry","entry"],"yoast_head":"<!-- This site is optimized with the Yoast SEO plugin v27.4 - https:\/\/yoast.com\/product\/yoast-seo-wordpress\/ -->\n<title>BMW 2002 tii - WUPPUS Classic Cars<\/title>\n<meta name=\"robots\" content=\"index, follow, max-snippet:-1, max-image-preview:large, max-video-preview:-1\" \/>\n<link rel=\"canonical\" href=\"https:\/\/wuppus.com\/en\/bmw-2002-tii\/\" \/>\n<meta property=\"og:locale\" content=\"en_GB\" \/>\n<meta property=\"og:type\" content=\"article\" \/>\n<meta property=\"og:title\" content=\"BMW 2002 tii - WUPPUS Classic Cars\" \/>\n<meta property=\"og:description\" content=\"BMW 2002 tii Bei dem 2002 tii handelt es sich um ein Fahrzeug aus Japan mit guter Substanz. Im Rahmen einer Teilrestauration wurden folgende Arbeiten durchgef\u00fchrt: Aufarbeitung Innenraum, Anfertigung neuer Hutablage und Abdeckungen im Kofferraum, Aufpolsterung der Vordersitze, Instandsetzen T\u00fcrverkleidung R\u00fcckbau der Nachr\u00fcstklimaanlage und Anfertigung einer Mittelkonsole in der originale Optik Einbau Automatikgurte vorne und [&hellip;]\" \/>\n<meta property=\"og:url\" content=\"https:\/\/wuppus.com\/en\/bmw-2002-tii\/\" \/>\n<meta property=\"og:site_name\" content=\"WUPPUS Classic Cars\" \/>\n<meta property=\"article:modified_time\" content=\"2021-12-29T17:53:44+00:00\" \/>\n<meta name=\"twitter:card\" content=\"summary_large_image\" \/>\n<meta name=\"twitter:label1\" content=\"Estimated reading time\" \/>\n\t<meta name=\"twitter:data1\" content=\"1 minute\" \/>\n<script type=\"application\/ld+json\" class=\"yoast-schema-graph\">{\"@context\":\"https:\\\/\\\/schema.org\",\"@graph\":[{\"@type\":\"WebPage\",\"@id\":\"https:\\\/\\\/wuppus.com\\\/bmw-2002-tii\\\/\",\"url\":\"https:\\\/\\\/wuppus.com\\\/bmw-2002-tii\\\/\",\"name\":\"BMW 2002 tii - WUPPUS Classic Cars\",\"isPartOf\":{\"@id\":\"https:\\\/\\\/wuppus.com\\\/#website\"},\"datePublished\":\"2021-12-27T14:44:40+00:00\",\"dateModified\":\"2021-12-29T17:53:44+00:00\",\"breadcrumb\":{\"@id\":\"https:\\\/\\\/wuppus.com\\\/bmw-2002-tii\\\/#breadcrumb\"},\"inLanguage\":\"en-GB\",\"potentialAction\":[{\"@type\":\"ReadAction\",\"target\":[\"https:\\\/\\\/wuppus.com\\\/bmw-2002-tii\\\/\"]}]},{\"@type\":\"BreadcrumbList\",\"@id\":\"https:\\\/\\\/wuppus.com\\\/bmw-2002-tii\\\/#breadcrumb\",\"itemListElement\":[{\"@type\":\"ListItem\",\"position\":1,\"name\":\"Startseite\",\"item\":\"https:\\\/\\\/wuppus.com\\\/\"},{\"@type\":\"ListItem\",\"position\":2,\"name\":\"BMW 2002 tii\"}]},{\"@type\":\"WebSite\",\"@id\":\"https:\\\/\\\/wuppus.com\\\/#website\",\"url\":\"https:\\\/\\\/wuppus.com\\\/\",\"name\":\"WUPPUS Classic Cars\",\"description\":\"Oldtimer Classic Cars Jaguar E-Type Mercedes Autoankauf Autoverkauf Restauration Karosseriearbeiten Oldtimerhandel Autohandel Oldtimerverkauf Oldtimerankauf Instandsetzung Reparatur Restoration Cars for sale wir vintage\",\"publisher\":{\"@id\":\"https:\\\/\\\/wuppus.com\\\/#organization\"},\"potentialAction\":[{\"@type\":\"SearchAction\",\"target\":{\"@type\":\"EntryPoint\",\"urlTemplate\":\"https:\\\/\\\/wuppus.com\\\/?s={search_term_string}\"},\"query-input\":{\"@type\":\"PropertyValueSpecification\",\"valueRequired\":true,\"valueName\":\"search_term_string\"}}],\"inLanguage\":\"en-GB\"},{\"@type\":\"Organization\",\"@id\":\"https:\\\/\\\/wuppus.com\\\/#organization\",\"name\":\"WUPPUS Classic Cars - WUPPUS GmbH & Co. KG\",\"url\":\"https:\\\/\\\/wuppus.com\\\/\",\"logo\":{\"@type\":\"ImageObject\",\"inLanguage\":\"en-GB\",\"@id\":\"https:\\\/\\\/wuppus.com\\\/#\\\/schema\\\/logo\\\/image\\\/\",\"url\":\"https:\\\/\\\/wuppus.com\\\/wp-content\\\/uploads\\\/2021\\\/12\\\/Logo1-1.gif\",\"contentUrl\":\"https:\\\/\\\/wuppus.com\\\/wp-content\\\/uploads\\\/2021\\\/12\\\/Logo1-1.gif\",\"width\":809,\"height\":272,\"caption\":\"WUPPUS Classic Cars - WUPPUS GmbH & Co. KG\"},\"image\":{\"@id\":\"https:\\\/\\\/wuppus.com\\\/#\\\/schema\\\/logo\\\/image\\\/\"}}]}<\/script>\n<!-- \/ Yoast SEO plugin. -->","yoast_head_json":{"title":"BMW 2002 tii - WUPPUS Classic Cars","robots":{"index":"index","follow":"follow","max-snippet":"max-snippet:-1","max-image-preview":"max-image-preview:large","max-video-preview":"max-video-preview:-1"},"canonical":"https:\/\/wuppus.com\/en\/bmw-2002-tii\/","og_locale":"en_GB","og_type":"article","og_title":"BMW 2002 tii - WUPPUS Classic Cars","og_description":"BMW 2002 tii Bei dem 2002 tii handelt es sich um ein Fahrzeug aus Japan mit guter Substanz. Im Rahmen einer Teilrestauration wurden folgende Arbeiten durchgef\u00fchrt: Aufarbeitung Innenraum, Anfertigung neuer Hutablage und Abdeckungen im Kofferraum, Aufpolsterung der Vordersitze, Instandsetzen T\u00fcrverkleidung R\u00fcckbau der Nachr\u00fcstklimaanlage und Anfertigung einer Mittelkonsole in der originale Optik Einbau Automatikgurte vorne und [&hellip;]","og_url":"https:\/\/wuppus.com\/en\/bmw-2002-tii\/","og_site_name":"WUPPUS Classic Cars","article_modified_time":"2021-12-29T17:53:44+00:00","twitter_card":"summary_large_image","twitter_misc":{"Estimated reading time":"1 minute"},"schema":{"@context":"https:\/\/schema.org","@graph":[{"@type":"WebPage","@id":"https:\/\/wuppus.com\/bmw-2002-tii\/","url":"https:\/\/wuppus.com\/bmw-2002-tii\/","name":"BMW 2002 tii - WUPPUS Classic Cars","isPartOf":{"@id":"https:\/\/wuppus.com\/#website"},"datePublished":"2021-12-27T14:44:40+00:00","dateModified":"2021-12-29T17:53:44+00:00","breadcrumb":{"@id":"https:\/\/wuppus.com\/bmw-2002-tii\/#breadcrumb"},"inLanguage":"en-GB","potentialAction":[{"@type":"ReadAction","target":["https:\/\/wuppus.com\/bmw-2002-tii\/"]}]},{"@type":"BreadcrumbList","@id":"https:\/\/wuppus.com\/bmw-2002-tii\/#breadcrumb","itemListElement":[{"@type":"ListItem","position":1,"name":"Startseite","item":"https:\/\/wuppus.com\/"},{"@type":"ListItem","position":2,"name":"BMW 2002 tii"}]},{"@type":"WebSite","@id":"https:\/\/wuppus.com\/#website","url":"https:\/\/wuppus.com\/","name":"WUPPUS Classic Cars","description":"Oldtimer Classic Cars Jaguar E-Type Mercedes Autoankauf Autoverkauf Restauration Karosseriearbeiten Oldtimerhandel Autohandel Oldtimerverkauf Oldtimerankauf Instandsetzung Reparatur Restoration Cars for sale wir vintage","publisher":{"@id":"https:\/\/wuppus.com\/#organization"},"potentialAction":[{"@type":"SearchAction","target":{"@type":"EntryPoint","urlTemplate":"https:\/\/wuppus.com\/?s={search_term_string}"},"query-input":{"@type":"PropertyValueSpecification","valueRequired":true,"valueName":"search_term_string"}}],"inLanguage":"en-GB"},{"@type":"Organization","@id":"https:\/\/wuppus.com\/#organization","name":"WUPPUS Classic Cars - WUPPUS GmbH & Co. KG","url":"https:\/\/wuppus.com\/","logo":{"@type":"ImageObject","inLanguage":"en-GB","@id":"https:\/\/wuppus.com\/#\/schema\/logo\/image\/","url":"https:\/\/wuppus.com\/wp-content\/uploads\/2021\/12\/Logo1-1.gif","contentUrl":"https:\/\/wuppus.com\/wp-content\/uploads\/2021\/12\/Logo1-1.gif","width":809,"height":272,"caption":"WUPPUS Classic Cars - WUPPUS GmbH & Co. KG"},"image":{"@id":"https:\/\/wuppus.com\/#\/schema\/logo\/image\/"}}]}},"_links":{"self":[{"href":"http:\/\/wuppus.com\/en\/wp-json\/wp\/v2\/pages\/662","targetHints":{"allow":["GET"]}}],"collection":[{"href":"http:\/\/wuppus.com\/en\/wp-json\/wp\/v2\/pages"}],"about":[{"href":"http:\/\/wuppus.com\/en\/wp-json\/wp\/v2\/types\/page"}],"author":[{"embeddable":true,"href":"http:\/\/wuppus.com\/en\/wp-json\/wp\/v2\/users\/1"}],"replies":[{"embeddable":true,"href":"http:\/\/wuppus.com\/en\/wp-json\/wp\/v2\/comments?post=662"}],"version-history":[{"count":20,"href":"http:\/\/wuppus.com\/en\/wp-json\/wp\/v2\/pages\/662\/revisions"}],"predecessor-version":[{"id":1075,"href":"http:\/\/wuppus.com\/en\/wp-json\/wp\/v2\/pages\/662\/revisions\/1075"}],"wp:attachment":[{"href":"http:\/\/wuppus.com\/en\/wp-json\/wp\/v2\/media?parent=662"}],"curies":[{"name":"wp","href":"https:\/\/api.w.org\/{rel}","templated":true}]}}