{"id":664,"date":"2021-12-27T15:45:22","date_gmt":"2021-12-27T14:45:22","guid":{"rendered":"http:\/\/wuppus.com\/?page_id=664"},"modified":"2021-12-27T16:34:27","modified_gmt":"2021-12-27T15:34:27","slug":"jaguar-xj12-coupe","status":"publish","type":"page","link":"http:\/\/wuppus.com\/en\/jaguar-xj12-coupe\/","title":{"rendered":"Jaguar XJ12 Coupe"},"content":{"rendered":"<div data-elementor-type=\"wp-page\" data-elementor-id=\"664\" class=\"elementor elementor-664\">\n\t\t\t\t\t\t<section class=\"elementor-section elementor-top-section elementor-element elementor-element-980d23a elementor-section-boxed elementor-section-height-default elementor-section-height-default\" data-id=\"980d23a\" data-element_type=\"section\" data-e-type=\"section\">\n\t\t\t\t\t\t<div class=\"elementor-container elementor-column-gap-default\">\n\t\t\t\t\t<div class=\"elementor-column elementor-col-100 elementor-top-column elementor-element elementor-element-fee3078\" data-id=\"fee3078\" data-element_type=\"column\" data-e-type=\"column\">\n\t\t\t<div class=\"elementor-widget-wrap elementor-element-populated\">\n\t\t\t\t\t\t<div class=\"elementor-element elementor-element-9299eb7 elementor-widget elementor-widget-heading\" data-id=\"9299eb7\" data-element_type=\"widget\" data-e-type=\"widget\" data-widget_type=\"heading.default\">\n\t\t\t\t<div class=\"elementor-widget-container\">\n\t\t\t\t\t<h2 class=\"elementor-heading-title elementor-size-default\">Jaguar XJ 12 Coup\u00e9<\/h2>\t\t\t\t<\/div>\n\t\t\t\t<\/div>\n\t\t\t\t\t<\/div>\n\t\t<\/div>\n\t\t\t\t\t<\/div>\n\t\t<\/section>\n\t\t\t\t<section class=\"elementor-section elementor-top-section elementor-element elementor-element-b513caa elementor-section-boxed elementor-section-height-default elementor-section-height-default\" data-id=\"b513caa\" data-element_type=\"section\" data-e-type=\"section\">\n\t\t\t\t\t\t<div class=\"elementor-container elementor-column-gap-default\">\n\t\t\t\t\t<div class=\"elementor-column elementor-col-100 elementor-top-column elementor-element elementor-element-83ab0f8\" data-id=\"83ab0f8\" data-element_type=\"column\" data-e-type=\"column\">\n\t\t\t<div class=\"elementor-widget-wrap\">\n\t\t\t\t\t\t\t<\/div>\n\t\t<\/div>\n\t\t\t\t\t<\/div>\n\t\t<\/section>\n\t\t\t\t<section class=\"elementor-section elementor-top-section elementor-element elementor-element-371012f elementor-section-boxed elementor-section-height-default elementor-section-height-default\" data-id=\"371012f\" data-element_type=\"section\" data-e-type=\"section\">\n\t\t\t\t\t\t<div class=\"elementor-container elementor-column-gap-default\">\n\t\t\t\t\t<div class=\"elementor-column elementor-col-100 elementor-top-column elementor-element elementor-element-918e1e1\" data-id=\"918e1e1\" data-element_type=\"column\" data-e-type=\"column\">\n\t\t\t<div class=\"elementor-widget-wrap elementor-element-populated\">\n\t\t\t\t\t\t<div class=\"elementor-element elementor-element-c12b61a elementor-widget elementor-widget-text-editor\" data-id=\"c12b61a\" data-element_type=\"widget\" data-e-type=\"widget\" data-widget_type=\"text-editor.default\">\n\t\t\t\t<div class=\"elementor-widget-container\">\n\t\t\t\t\t\t\t\t\t<p>Als n\u00e4chstes Projekt ist die Restauration unseres Jaguar XJ 12 Coup\u00e9s geplant. Das Fahrzeug besitzt eine Vollausstattung mit Klimaanlage. Die Au\u00dfenfarbe ist Greensand, die Innenausstattung Moss Green.<\/p>\t\t\t\t\t\t\t\t<\/div>\n\t\t\t\t<\/div>\n\t\t\t\t\t<\/div>\n\t\t<\/div>\n\t\t\t\t\t<\/div>\n\t\t<\/section>\n\t\t\t\t<section class=\"elementor-section elementor-top-section elementor-element elementor-element-90471fd elementor-section-boxed elementor-section-height-default elementor-section-height-default\" data-id=\"90471fd\" data-element_type=\"section\" data-e-type=\"section\">\n\t\t\t\t\t\t<div class=\"elementor-container elementor-column-gap-default\">\n\t\t\t\t\t<div class=\"elementor-column elementor-col-100 elementor-top-column elementor-element elementor-element-430b879\" data-id=\"430b879\" data-element_type=\"column\" data-e-type=\"column\">\n\t\t\t<div class=\"elementor-widget-wrap elementor-element-populated\">\n\t\t\t\t\t\t<div class=\"elementor-element elementor-element-c4566fc elementor-widget elementor-widget-gallery\" data-id=\"c4566fc\" data-element_type=\"widget\" data-e-type=\"widget\" data-settings=\"{&quot;columns&quot;:10,&quot;lazyload&quot;:&quot;yes&quot;,&quot;gallery_layout&quot;:&quot;grid&quot;,&quot;columns_tablet&quot;:2,&quot;columns_mobile&quot;:1,&quot;gap&quot;:{&quot;unit&quot;:&quot;px&quot;,&quot;size&quot;:10,&quot;sizes&quot;:[]},&quot;gap_tablet&quot;:{&quot;unit&quot;:&quot;px&quot;,&quot;size&quot;:10,&quot;sizes&quot;:[]},&quot;gap_mobile&quot;:{&quot;unit&quot;:&quot;px&quot;,&quot;size&quot;:10,&quot;sizes&quot;:[]},&quot;link_to&quot;:&quot;file&quot;,&quot;aspect_ratio&quot;:&quot;3:2&quot;,&quot;overlay_background&quot;:&quot;yes&quot;,&quot;content_hover_animation&quot;:&quot;fade-in&quot;}\" data-widget_type=\"gallery.default\">\n\t\t\t\t<div class=\"elementor-widget-container\">\n\t\t\t\t\t\t\t<div class=\"elementor-gallery__container\">\n\t\t\t\t\t\t\t<a class=\"e-gallery-item elementor-gallery-item elementor-animated-content\" href=\"https:\/\/wuppus.com\/wp-content\/uploads\/2021\/12\/Seitenansicht1.jpg\" data-elementor-open-lightbox=\"yes\" data-elementor-lightbox-slideshow=\"all-c4566fc\" data-elementor-lightbox-title=\"Seitenansicht1\" data-e-action-hash=\"#elementor-action%3Aaction%3Dlightbox%26settings%3DeyJpZCI6NzAyLCJ1cmwiOiJodHRwczpcL1wvd3VwcHVzLmNvbVwvd3AtY29udGVudFwvdXBsb2Fkc1wvMjAyMVwvMTJcL1NlaXRlbmFuc2ljaHQxLmpwZyIsInNsaWRlc2hvdyI6ImFsbC1jNDU2NmZjIn0%3D\">\n\t\t\t\t\t<div class=\"e-gallery-image elementor-gallery-item__image\" data-thumbnail=\"https:\/\/wuppus.com\/wp-content\/uploads\/2021\/12\/Seitenansicht1-300x169.jpg\" data-width=\"300\" data-height=\"169\" alt=\"\" ><\/div>\n\t\t\t\t\t\t\t\t\t\t\t<div class=\"elementor-gallery-item__overlay\"><\/div>\n\t\t\t\t\t\t\t\t\t\t\t\t\t\t<\/a>\n\t\t\t\t\t\t\t<a class=\"e-gallery-item elementor-gallery-item elementor-animated-content\" href=\"https:\/\/wuppus.com\/wp-content\/uploads\/2021\/12\/Innenraum.jpg\" data-elementor-open-lightbox=\"yes\" data-elementor-lightbox-slideshow=\"all-c4566fc\" data-elementor-lightbox-title=\"Innenraum\" data-e-action-hash=\"#elementor-action%3Aaction%3Dlightbox%26settings%3DeyJpZCI6NzAxLCJ1cmwiOiJodHRwczpcL1wvd3VwcHVzLmNvbVwvd3AtY29udGVudFwvdXBsb2Fkc1wvMjAyMVwvMTJcL0lubmVucmF1bS5qcGciLCJzbGlkZXNob3ciOiJhbGwtYzQ1NjZmYyJ9\">\n\t\t\t\t\t<div class=\"e-gallery-image elementor-gallery-item__image\" data-thumbnail=\"https:\/\/wuppus.com\/wp-content\/uploads\/2021\/12\/Innenraum-300x169.jpg\" data-width=\"300\" data-height=\"169\" alt=\"\" ><\/div>\n\t\t\t\t\t\t\t\t\t\t\t<div class=\"elementor-gallery-item__overlay\"><\/div>\n\t\t\t\t\t\t\t\t\t\t\t\t\t\t<\/a>\n\t\t\t\t\t\t\t<a class=\"e-gallery-item elementor-gallery-item elementor-animated-content\" href=\"https:\/\/wuppus.com\/wp-content\/uploads\/2021\/12\/Heck-2.jpg\" data-elementor-open-lightbox=\"yes\" data-elementor-lightbox-slideshow=\"all-c4566fc\" data-elementor-lightbox-title=\"Heck\" data-e-action-hash=\"#elementor-action%3Aaction%3Dlightbox%26settings%3DeyJpZCI6NzAwLCJ1cmwiOiJodHRwczpcL1wvd3VwcHVzLmNvbVwvd3AtY29udGVudFwvdXBsb2Fkc1wvMjAyMVwvMTJcL0hlY2stMi5qcGciLCJzbGlkZXNob3ciOiJhbGwtYzQ1NjZmYyJ9\">\n\t\t\t\t\t<div class=\"e-gallery-image elementor-gallery-item__image\" data-thumbnail=\"https:\/\/wuppus.com\/wp-content\/uploads\/2021\/12\/Heck-2-300x169.jpg\" data-width=\"300\" data-height=\"169\" alt=\"\" ><\/div>\n\t\t\t\t\t\t\t\t\t\t\t<div class=\"elementor-gallery-item__overlay\"><\/div>\n\t\t\t\t\t\t\t\t\t\t\t\t\t\t<\/a>\n\t\t\t\t\t\t\t<a class=\"e-gallery-item elementor-gallery-item elementor-animated-content\" href=\"https:\/\/wuppus.com\/wp-content\/uploads\/2021\/12\/Front-1-e1640618746235.jpg\" data-elementor-open-lightbox=\"yes\" data-elementor-lightbox-slideshow=\"all-c4566fc\" data-elementor-lightbox-title=\"Front\" data-e-action-hash=\"#elementor-action%3Aaction%3Dlightbox%26settings%3DeyJpZCI6Njk5LCJ1cmwiOiJodHRwczpcL1wvd3VwcHVzLmNvbVwvd3AtY29udGVudFwvdXBsb2Fkc1wvMjAyMVwvMTJcL0Zyb250LTEtZTE2NDA2MTg3NDYyMzUuanBnIiwic2xpZGVzaG93IjoiYWxsLWM0NTY2ZmMifQ%3D%3D\">\n\t\t\t\t\t<div class=\"e-gallery-image elementor-gallery-item__image\" data-thumbnail=\"https:\/\/wuppus.com\/wp-content\/uploads\/2021\/12\/Front-1-e1640618746235-300x224.jpg\" data-width=\"300\" data-height=\"224\" alt=\"\" ><\/div>\n\t\t\t\t\t\t\t\t\t\t\t<div class=\"elementor-gallery-item__overlay\"><\/div>\n\t\t\t\t\t\t\t\t\t\t\t\t\t\t<\/a>\n\t\t\t\t\t<\/div>\n\t\t\t\t\t<\/div>\n\t\t\t\t<\/div>\n\t\t\t\t\t<\/div>\n\t\t<\/div>\n\t\t\t\t\t<\/div>\n\t\t<\/section>\n\t\t\t\t<\/div>","protected":false},"excerpt":{"rendered":"<p>Jaguar XJ 12 Coup\u00e9 Als n\u00e4chstes Projekt ist die Restauration unseres Jaguar XJ 12 Coup\u00e9s geplant. Das Fahrzeug besitzt eine Vollausstattung mit Klimaanlage. Die Au\u00dfenfarbe ist Greensand, die Innenausstattung Moss Green.<\/p>","protected":false},"author":1,"featured_media":0,"parent":0,"menu_order":0,"comment_status":"closed","ping_status":"closed","template":"","meta":{"ocean_post_layout":"","ocean_both_sidebars_style":"","ocean_both_sidebars_content_width":0,"ocean_both_sidebars_sidebars_width":0,"ocean_sidebar":"0","ocean_second_sidebar":"0","ocean_disable_margins":"enable","ocean_add_body_class":"","ocean_shortcode_before_top_bar":"","ocean_shortcode_after_top_bar":"","ocean_shortcode_before_header":"","ocean_shortcode_after_header":"","ocean_has_shortcode":"","ocean_shortcode_after_title":"","ocean_shortcode_before_footer_widgets":"","ocean_shortcode_after_footer_widgets":"","ocean_shortcode_before_footer_bottom":"","ocean_shortcode_after_footer_bottom":"","ocean_display_top_bar":"default","ocean_display_header":"default","ocean_header_style":"","ocean_center_header_left_menu":"0","ocean_custom_header_template":"0","ocean_custom_logo":0,"ocean_custom_retina_logo":0,"ocean_custom_logo_max_width":0,"ocean_custom_logo_tablet_max_width":0,"ocean_custom_logo_mobile_max_width":0,"ocean_custom_logo_max_height":0,"ocean_custom_logo_tablet_max_height":0,"ocean_custom_logo_mobile_max_height":0,"ocean_header_custom_menu":"0","ocean_menu_typo_font_family":"0","ocean_menu_typo_font_subset":"","ocean_menu_typo_font_size":0,"ocean_menu_typo_font_size_tablet":0,"ocean_menu_typo_font_size_mobile":0,"ocean_menu_typo_font_size_unit":"px","ocean_menu_typo_font_weight":"","ocean_menu_typo_font_weight_tablet":"","ocean_menu_typo_font_weight_mobile":"","ocean_menu_typo_transform":"","ocean_menu_typo_transform_tablet":"","ocean_menu_typo_transform_mobile":"","ocean_menu_typo_line_height":0,"ocean_menu_typo_line_height_tablet":0,"ocean_menu_typo_line_height_mobile":0,"ocean_menu_typo_line_height_unit":"","ocean_menu_typo_spacing":0,"ocean_menu_typo_spacing_tablet":0,"ocean_menu_typo_spacing_mobile":0,"ocean_menu_typo_spacing_unit":"","ocean_menu_link_color":"","ocean_menu_link_color_hover":"","ocean_menu_link_color_active":"","ocean_menu_link_background":"","ocean_menu_link_hover_background":"","ocean_menu_link_active_background":"","ocean_menu_social_links_bg":"","ocean_menu_social_hover_links_bg":"","ocean_menu_social_links_color":"","ocean_menu_social_hover_links_color":"","ocean_disable_title":"on","ocean_disable_heading":"default","ocean_post_title":"","ocean_post_subheading":"","ocean_post_title_style":"","ocean_post_title_background_color":"","ocean_post_title_background":0,"ocean_post_title_bg_image_position":"","ocean_post_title_bg_image_attachment":"","ocean_post_title_bg_image_repeat":"","ocean_post_title_bg_image_size":"","ocean_post_title_height":0,"ocean_post_title_bg_overlay":0.5,"ocean_post_title_bg_overlay_color":"","ocean_disable_breadcrumbs":"default","ocean_breadcrumbs_color":"","ocean_breadcrumbs_separator_color":"","ocean_breadcrumbs_links_color":"","ocean_breadcrumbs_links_hover_color":"","ocean_display_footer_widgets":"off","ocean_display_footer_bottom":"default","ocean_custom_footer_template":"0","footnotes":""},"class_list":["post-664","page","type-page","status-publish","hentry","entry"],"yoast_head":"<!-- This site is optimized with the Yoast SEO plugin v27.4 - https:\/\/yoast.com\/product\/yoast-seo-wordpress\/ -->\n<title>Jaguar XJ12 Coupe - WUPPUS Classic Cars<\/title>\n<meta name=\"robots\" content=\"index, follow, max-snippet:-1, max-image-preview:large, max-video-preview:-1\" \/>\n<link rel=\"canonical\" href=\"https:\/\/wuppus.com\/en\/jaguar-xj12-coupe\/\" \/>\n<meta property=\"og:locale\" content=\"en_GB\" \/>\n<meta property=\"og:type\" content=\"article\" \/>\n<meta property=\"og:title\" content=\"Jaguar XJ12 Coupe - WUPPUS Classic Cars\" \/>\n<meta property=\"og:description\" content=\"Jaguar XJ 12 Coup\u00e9 Als n\u00e4chstes Projekt ist die Restauration unseres Jaguar XJ 12 Coup\u00e9s geplant. Das Fahrzeug besitzt eine Vollausstattung mit Klimaanlage. Die Au\u00dfenfarbe ist Greensand, die Innenausstattung Moss Green.\" \/>\n<meta property=\"og:url\" content=\"https:\/\/wuppus.com\/en\/jaguar-xj12-coupe\/\" \/>\n<meta property=\"og:site_name\" content=\"WUPPUS Classic Cars\" \/>\n<meta property=\"article:modified_time\" content=\"2021-12-27T15:34:27+00:00\" \/>\n<meta name=\"twitter:card\" content=\"summary_large_image\" \/>\n<script type=\"application\/ld+json\" class=\"yoast-schema-graph\">{\"@context\":\"https:\\\/\\\/schema.org\",\"@graph\":[{\"@type\":\"WebPage\",\"@id\":\"https:\\\/\\\/wuppus.com\\\/jaguar-xj12-coupe\\\/\",\"url\":\"https:\\\/\\\/wuppus.com\\\/jaguar-xj12-coupe\\\/\",\"name\":\"Jaguar XJ12 Coupe - WUPPUS Classic Cars\",\"isPartOf\":{\"@id\":\"https:\\\/\\\/wuppus.com\\\/#website\"},\"datePublished\":\"2021-12-27T14:45:22+00:00\",\"dateModified\":\"2021-12-27T15:34:27+00:00\",\"breadcrumb\":{\"@id\":\"https:\\\/\\\/wuppus.com\\\/jaguar-xj12-coupe\\\/#breadcrumb\"},\"inLanguage\":\"en-GB\",\"potentialAction\":[{\"@type\":\"ReadAction\",\"target\":[\"https:\\\/\\\/wuppus.com\\\/jaguar-xj12-coupe\\\/\"]}]},{\"@type\":\"BreadcrumbList\",\"@id\":\"https:\\\/\\\/wuppus.com\\\/jaguar-xj12-coupe\\\/#breadcrumb\",\"itemListElement\":[{\"@type\":\"ListItem\",\"position\":1,\"name\":\"Startseite\",\"item\":\"https:\\\/\\\/wuppus.com\\\/\"},{\"@type\":\"ListItem\",\"position\":2,\"name\":\"Jaguar XJ12 Coupe\"}]},{\"@type\":\"WebSite\",\"@id\":\"https:\\\/\\\/wuppus.com\\\/#website\",\"url\":\"https:\\\/\\\/wuppus.com\\\/\",\"name\":\"WUPPUS Classic Cars\",\"description\":\"Oldtimer Classic Cars Jaguar E-Type Mercedes Autoankauf Autoverkauf Restauration Karosseriearbeiten Oldtimerhandel Autohandel Oldtimerverkauf Oldtimerankauf Instandsetzung Reparatur Restoration Cars for sale wir vintage\",\"publisher\":{\"@id\":\"https:\\\/\\\/wuppus.com\\\/#organization\"},\"potentialAction\":[{\"@type\":\"SearchAction\",\"target\":{\"@type\":\"EntryPoint\",\"urlTemplate\":\"https:\\\/\\\/wuppus.com\\\/?s={search_term_string}\"},\"query-input\":{\"@type\":\"PropertyValueSpecification\",\"valueRequired\":true,\"valueName\":\"search_term_string\"}}],\"inLanguage\":\"en-GB\"},{\"@type\":\"Organization\",\"@id\":\"https:\\\/\\\/wuppus.com\\\/#organization\",\"name\":\"WUPPUS Classic Cars - WUPPUS GmbH & Co. KG\",\"url\":\"https:\\\/\\\/wuppus.com\\\/\",\"logo\":{\"@type\":\"ImageObject\",\"inLanguage\":\"en-GB\",\"@id\":\"https:\\\/\\\/wuppus.com\\\/#\\\/schema\\\/logo\\\/image\\\/\",\"url\":\"https:\\\/\\\/wuppus.com\\\/wp-content\\\/uploads\\\/2021\\\/12\\\/Logo1-1.gif\",\"contentUrl\":\"https:\\\/\\\/wuppus.com\\\/wp-content\\\/uploads\\\/2021\\\/12\\\/Logo1-1.gif\",\"width\":809,\"height\":272,\"caption\":\"WUPPUS Classic Cars - WUPPUS GmbH & Co. KG\"},\"image\":{\"@id\":\"https:\\\/\\\/wuppus.com\\\/#\\\/schema\\\/logo\\\/image\\\/\"}}]}<\/script>\n<!-- \/ Yoast SEO plugin. -->","yoast_head_json":{"title":"Jaguar XJ12 Coupe - WUPPUS Classic Cars","robots":{"index":"index","follow":"follow","max-snippet":"max-snippet:-1","max-image-preview":"max-image-preview:large","max-video-preview":"max-video-preview:-1"},"canonical":"https:\/\/wuppus.com\/en\/jaguar-xj12-coupe\/","og_locale":"en_GB","og_type":"article","og_title":"Jaguar XJ12 Coupe - WUPPUS Classic Cars","og_description":"Jaguar XJ 12 Coup\u00e9 Als n\u00e4chstes Projekt ist die Restauration unseres Jaguar XJ 12 Coup\u00e9s geplant. Das Fahrzeug besitzt eine Vollausstattung mit Klimaanlage. Die Au\u00dfenfarbe ist Greensand, die Innenausstattung Moss Green.","og_url":"https:\/\/wuppus.com\/en\/jaguar-xj12-coupe\/","og_site_name":"WUPPUS Classic Cars","article_modified_time":"2021-12-27T15:34:27+00:00","twitter_card":"summary_large_image","schema":{"@context":"https:\/\/schema.org","@graph":[{"@type":"WebPage","@id":"https:\/\/wuppus.com\/jaguar-xj12-coupe\/","url":"https:\/\/wuppus.com\/jaguar-xj12-coupe\/","name":"Jaguar XJ12 Coupe - WUPPUS Classic Cars","isPartOf":{"@id":"https:\/\/wuppus.com\/#website"},"datePublished":"2021-12-27T14:45:22+00:00","dateModified":"2021-12-27T15:34:27+00:00","breadcrumb":{"@id":"https:\/\/wuppus.com\/jaguar-xj12-coupe\/#breadcrumb"},"inLanguage":"en-GB","potentialAction":[{"@type":"ReadAction","target":["https:\/\/wuppus.com\/jaguar-xj12-coupe\/"]}]},{"@type":"BreadcrumbList","@id":"https:\/\/wuppus.com\/jaguar-xj12-coupe\/#breadcrumb","itemListElement":[{"@type":"ListItem","position":1,"name":"Startseite","item":"https:\/\/wuppus.com\/"},{"@type":"ListItem","position":2,"name":"Jaguar XJ12 Coupe"}]},{"@type":"WebSite","@id":"https:\/\/wuppus.com\/#website","url":"https:\/\/wuppus.com\/","name":"WUPPUS Classic Cars","description":"Oldtimer Classic Cars Jaguar E-Type Mercedes Autoankauf Autoverkauf Restauration Karosseriearbeiten Oldtimerhandel Autohandel Oldtimerverkauf Oldtimerankauf Instandsetzung Reparatur Restoration Cars for sale wir vintage","publisher":{"@id":"https:\/\/wuppus.com\/#organization"},"potentialAction":[{"@type":"SearchAction","target":{"@type":"EntryPoint","urlTemplate":"https:\/\/wuppus.com\/?s={search_term_string}"},"query-input":{"@type":"PropertyValueSpecification","valueRequired":true,"valueName":"search_term_string"}}],"inLanguage":"en-GB"},{"@type":"Organization","@id":"https:\/\/wuppus.com\/#organization","name":"WUPPUS Classic Cars - WUPPUS GmbH & Co. KG","url":"https:\/\/wuppus.com\/","logo":{"@type":"ImageObject","inLanguage":"en-GB","@id":"https:\/\/wuppus.com\/#\/schema\/logo\/image\/","url":"https:\/\/wuppus.com\/wp-content\/uploads\/2021\/12\/Logo1-1.gif","contentUrl":"https:\/\/wuppus.com\/wp-content\/uploads\/2021\/12\/Logo1-1.gif","width":809,"height":272,"caption":"WUPPUS Classic Cars - WUPPUS GmbH & Co. KG"},"image":{"@id":"https:\/\/wuppus.com\/#\/schema\/logo\/image\/"}}]}},"_links":{"self":[{"href":"http:\/\/wuppus.com\/en\/wp-json\/wp\/v2\/pages\/664","targetHints":{"allow":["GET"]}}],"collection":[{"href":"http:\/\/wuppus.com\/en\/wp-json\/wp\/v2\/pages"}],"about":[{"href":"http:\/\/wuppus.com\/en\/wp-json\/wp\/v2\/types\/page"}],"author":[{"embeddable":true,"href":"http:\/\/wuppus.com\/en\/wp-json\/wp\/v2\/users\/1"}],"replies":[{"embeddable":true,"href":"http:\/\/wuppus.com\/en\/wp-json\/wp\/v2\/comments?post=664"}],"version-history":[{"count":13,"href":"http:\/\/wuppus.com\/en\/wp-json\/wp\/v2\/pages\/664\/revisions"}],"predecessor-version":[{"id":715,"href":"http:\/\/wuppus.com\/en\/wp-json\/wp\/v2\/pages\/664\/revisions\/715"}],"wp:attachment":[{"href":"http:\/\/wuppus.com\/en\/wp-json\/wp\/v2\/media?parent=664"}],"curies":[{"name":"wp","href":"https:\/\/api.w.org\/{rel}","templated":true}]}}