{"id":69,"date":"2021-12-25T11:05:16","date_gmt":"2021-12-25T10:05:16","guid":{"rendered":"http:\/\/wuppus.com\/?page_id=69"},"modified":"2021-12-28T16:04:52","modified_gmt":"2021-12-28T15:04:52","slug":"fahrzeugankauf","status":"publish","type":"page","link":"http:\/\/wuppus.com\/en\/fahrzeugankauf\/","title":{"rendered":"Sell my car"},"content":{"rendered":"<div data-elementor-type=\"wp-page\" data-elementor-id=\"69\" class=\"elementor elementor-69\">\n\t\t\t\t\t\t<section class=\"elementor-section elementor-top-section elementor-element elementor-element-d3644fb elementor-section-boxed elementor-section-height-default elementor-section-height-default\" data-id=\"d3644fb\" data-element_type=\"section\" data-e-type=\"section\">\n\t\t\t\t\t\t<div class=\"elementor-container elementor-column-gap-default\">\n\t\t\t\t\t<div class=\"elementor-column elementor-col-100 elementor-top-column elementor-element elementor-element-b015b89\" data-id=\"b015b89\" data-element_type=\"column\" data-e-type=\"column\">\n\t\t\t<div class=\"elementor-widget-wrap elementor-element-populated\">\n\t\t\t\t\t\t<div class=\"elementor-element elementor-element-36ea722 elementor-widget elementor-widget-heading\" data-id=\"36ea722\" data-element_type=\"widget\" data-e-type=\"widget\" data-widget_type=\"heading.default\">\n\t\t\t\t<div class=\"elementor-widget-container\">\n\t\t\t\t\t<h2 class=\"elementor-heading-title elementor-size-medium\">Sell my car<\/h2>\t\t\t\t<\/div>\n\t\t\t\t<\/div>\n\t\t\t\t<div class=\"elementor-element elementor-element-c09ff5d elementor-widget elementor-widget-text-editor\" data-id=\"c09ff5d\" data-element_type=\"widget\" data-e-type=\"widget\" data-widget_type=\"text-editor.default\">\n\t\t\t\t<div class=\"elementor-widget-container\">\n\t\t\t\t\t\t\t\t\t<p>We are constantly on the lookout for classic vehicles. Restoration objects or aborted restorations are also of interest to us.<br \/>The prerequisite is that the papers are complete (e.g. registration certificate, vehicle title). Import vehicles from outside the EU should be cleared through customs.<br \/>If you would like to sell your classic car, please contact us. We require the following information:<\/p><ul><li>Make, model, technical data, year of manufacture, T\u00dcV general inspection<\/li><li>Description of condition including any defects<\/li><li>Your price expectations<\/li><li>Pictures (exterior view, interior, boot, engine compartment, underbody if applicable)<\/li><\/ul>\t\t\t\t\t\t\t\t<\/div>\n\t\t\t\t<\/div>\n\t\t\t\t<div class=\"elementor-element elementor-element-8043dcf elementor-widget elementor-widget-button\" data-id=\"8043dcf\" data-element_type=\"widget\" data-e-type=\"widget\" data-widget_type=\"button.default\">\n\t\t\t\t<div class=\"elementor-widget-container\">\n\t\t\t\t\t\t\t\t\t<div class=\"elementor-button-wrapper\">\n\t\t\t\t\t<a class=\"elementor-button elementor-button-link elementor-size-sm\" href=\"http:\/\/wuppus.com\/en\/kontakt\/\">\n\t\t\t\t\t\t<span class=\"elementor-button-content-wrapper\">\n\t\t\t\t\t\t\t\t\t<span class=\"elementor-button-text\">Contact<\/span>\n\t\t\t\t\t<\/span>\n\t\t\t\t\t<\/a>\n\t\t\t\t<\/div>\n\t\t\t\t\t\t\t\t<\/div>\n\t\t\t\t<\/div>\n\t\t\t\t\t<\/div>\n\t\t<\/div>\n\t\t\t\t\t<\/div>\n\t\t<\/section>\n\t\t\t\t<\/div>","protected":false},"excerpt":{"rendered":"<p>Fahrzeugankauf Wir sind st\u00e4ndig auf der Suche nach klassischen Fahrzeugen. Auch Restaurationsobjekte oder abgebrochene Restaurationen sind interessant f\u00fcr uns.Voraussetzung ist, dass die Papiere vollst\u00e4ndig sind (z.B. Zulassungsbescheinigung\/Fahrzeugbrief, US-Title). Importfahrzeuge von au\u00dferhalb der EU sollten verzollt sein.Wenn sie Ihren Oldtimer verkaufen wollen, sprechen sie uns an. Wir ben\u00f6tigen folgende Informationen: Fahrzeugtyp, technische Daten, Baujahr, T\u00dcV Zustandsbeschreibung [&hellip;]<\/p>\n","protected":false},"author":1,"featured_media":0,"parent":0,"menu_order":0,"comment_status":"closed","ping_status":"closed","template":"","meta":{"ocean_post_layout":"","ocean_both_sidebars_style":"","ocean_both_sidebars_content_width":0,"ocean_both_sidebars_sidebars_width":0,"ocean_sidebar":"0","ocean_second_sidebar":"0","ocean_disable_margins":"enable","ocean_add_body_class":"","ocean_shortcode_before_top_bar":"","ocean_shortcode_after_top_bar":"","ocean_shortcode_before_header":"","ocean_shortcode_after_header":"","ocean_has_shortcode":"","ocean_shortcode_after_title":"","ocean_shortcode_before_footer_widgets":"","ocean_shortcode_after_footer_widgets":"","ocean_shortcode_before_footer_bottom":"","ocean_shortcode_after_footer_bottom":"","ocean_display_top_bar":"default","ocean_display_header":"default","ocean_header_style":"","ocean_center_header_left_menu":"0","ocean_custom_header_template":"0","ocean_custom_logo":0,"ocean_custom_retina_logo":0,"ocean_custom_logo_max_width":0,"ocean_custom_logo_tablet_max_width":0,"ocean_custom_logo_mobile_max_width":0,"ocean_custom_logo_max_height":0,"ocean_custom_logo_tablet_max_height":0,"ocean_custom_logo_mobile_max_height":0,"ocean_header_custom_menu":"0","ocean_menu_typo_font_family":"0","ocean_menu_typo_font_subset":"","ocean_menu_typo_font_size":0,"ocean_menu_typo_font_size_tablet":0,"ocean_menu_typo_font_size_mobile":0,"ocean_menu_typo_font_size_unit":"px","ocean_menu_typo_font_weight":"","ocean_menu_typo_font_weight_tablet":"","ocean_menu_typo_font_weight_mobile":"","ocean_menu_typo_transform":"","ocean_menu_typo_transform_tablet":"","ocean_menu_typo_transform_mobile":"","ocean_menu_typo_line_height":0,"ocean_menu_typo_line_height_tablet":0,"ocean_menu_typo_line_height_mobile":0,"ocean_menu_typo_line_height_unit":"","ocean_menu_typo_spacing":0,"ocean_menu_typo_spacing_tablet":0,"ocean_menu_typo_spacing_mobile":0,"ocean_menu_typo_spacing_unit":"","ocean_menu_link_color":"","ocean_menu_link_color_hover":"","ocean_menu_link_color_active":"","ocean_menu_link_background":"","ocean_menu_link_hover_background":"","ocean_menu_link_active_background":"","ocean_menu_social_links_bg":"","ocean_menu_social_hover_links_bg":"","ocean_menu_social_links_color":"","ocean_menu_social_hover_links_color":"","ocean_disable_title":"on","ocean_disable_heading":"default","ocean_post_title":"","ocean_post_subheading":"","ocean_post_title_style":"","ocean_post_title_background_color":"","ocean_post_title_background":0,"ocean_post_title_bg_image_position":"","ocean_post_title_bg_image_attachment":"","ocean_post_title_bg_image_repeat":"","ocean_post_title_bg_image_size":"","ocean_post_title_height":0,"ocean_post_title_bg_overlay":0.5,"ocean_post_title_bg_overlay_color":"","ocean_disable_breadcrumbs":"default","ocean_breadcrumbs_color":"","ocean_breadcrumbs_separator_color":"","ocean_breadcrumbs_links_color":"","ocean_breadcrumbs_links_hover_color":"","ocean_display_footer_widgets":"off","ocean_display_footer_bottom":"default","ocean_custom_footer_template":"0","footnotes":""},"class_list":["post-69","page","type-page","status-publish","hentry","entry"],"yoast_head":"<!-- This site is optimized with the Yoast SEO plugin v27.4 - https:\/\/yoast.com\/product\/yoast-seo-wordpress\/ -->\n<title>Fahrzeugankauf - WUPPUS Classic Cars<\/title>\n<meta name=\"robots\" content=\"index, follow, max-snippet:-1, max-image-preview:large, max-video-preview:-1\" \/>\n<link rel=\"canonical\" href=\"https:\/\/wuppus.com\/en\/fahrzeugankauf\/\" \/>\n<meta property=\"og:locale\" content=\"en_GB\" \/>\n<meta property=\"og:type\" content=\"article\" \/>\n<meta property=\"og:title\" content=\"Fahrzeugankauf - WUPPUS Classic Cars\" \/>\n<meta property=\"og:description\" content=\"Fahrzeugankauf Wir sind st\u00e4ndig auf der Suche nach klassischen Fahrzeugen. Auch Restaurationsobjekte oder abgebrochene Restaurationen sind interessant f\u00fcr uns.Voraussetzung ist, dass die Papiere vollst\u00e4ndig sind (z.B. Zulassungsbescheinigung\/Fahrzeugbrief, US-Title). Importfahrzeuge von au\u00dferhalb der EU sollten verzollt sein.Wenn sie Ihren Oldtimer verkaufen wollen, sprechen sie uns an. Wir ben\u00f6tigen folgende Informationen: Fahrzeugtyp, technische Daten, Baujahr, T\u00dcV Zustandsbeschreibung [&hellip;]\" \/>\n<meta property=\"og:url\" content=\"https:\/\/wuppus.com\/en\/fahrzeugankauf\/\" \/>\n<meta property=\"og:site_name\" content=\"WUPPUS Classic Cars\" \/>\n<meta property=\"article:modified_time\" content=\"2021-12-28T15:04:52+00:00\" \/>\n<meta name=\"twitter:card\" content=\"summary_large_image\" \/>\n<script type=\"application\/ld+json\" class=\"yoast-schema-graph\">{\"@context\":\"https:\\\/\\\/schema.org\",\"@graph\":[{\"@type\":\"WebPage\",\"@id\":\"https:\\\/\\\/wuppus.com\\\/en\\\/fahrzeugankauf\\\/\",\"url\":\"https:\\\/\\\/wuppus.com\\\/en\\\/fahrzeugankauf\\\/\",\"name\":\"Fahrzeugankauf - WUPPUS Classic Cars\",\"isPartOf\":{\"@id\":\"https:\\\/\\\/wuppus.com\\\/#website\"},\"datePublished\":\"2021-12-25T10:05:16+00:00\",\"dateModified\":\"2021-12-28T15:04:52+00:00\",\"breadcrumb\":{\"@id\":\"https:\\\/\\\/wuppus.com\\\/en\\\/fahrzeugankauf\\\/#breadcrumb\"},\"inLanguage\":\"en-GB\",\"potentialAction\":[{\"@type\":\"ReadAction\",\"target\":[\"https:\\\/\\\/wuppus.com\\\/en\\\/fahrzeugankauf\\\/\"]}]},{\"@type\":\"BreadcrumbList\",\"@id\":\"https:\\\/\\\/wuppus.com\\\/en\\\/fahrzeugankauf\\\/#breadcrumb\",\"itemListElement\":[{\"@type\":\"ListItem\",\"position\":1,\"name\":\"Startseite\",\"item\":\"https:\\\/\\\/wuppus.com\\\/\"},{\"@type\":\"ListItem\",\"position\":2,\"name\":\"Fahrzeugankauf\"}]},{\"@type\":\"WebSite\",\"@id\":\"https:\\\/\\\/wuppus.com\\\/#website\",\"url\":\"https:\\\/\\\/wuppus.com\\\/\",\"name\":\"WUPPUS Classic Cars\",\"description\":\"Oldtimer Classic Cars Jaguar E-Type Mercedes Autoankauf Autoverkauf Restauration Karosseriearbeiten Oldtimerhandel Autohandel Oldtimerverkauf Oldtimerankauf Instandsetzung Reparatur Restoration Cars for sale wir vintage\",\"publisher\":{\"@id\":\"https:\\\/\\\/wuppus.com\\\/#organization\"},\"potentialAction\":[{\"@type\":\"SearchAction\",\"target\":{\"@type\":\"EntryPoint\",\"urlTemplate\":\"https:\\\/\\\/wuppus.com\\\/?s={search_term_string}\"},\"query-input\":{\"@type\":\"PropertyValueSpecification\",\"valueRequired\":true,\"valueName\":\"search_term_string\"}}],\"inLanguage\":\"en-GB\"},{\"@type\":\"Organization\",\"@id\":\"https:\\\/\\\/wuppus.com\\\/#organization\",\"name\":\"WUPPUS Classic Cars - WUPPUS GmbH & Co. KG\",\"url\":\"https:\\\/\\\/wuppus.com\\\/\",\"logo\":{\"@type\":\"ImageObject\",\"inLanguage\":\"en-GB\",\"@id\":\"https:\\\/\\\/wuppus.com\\\/#\\\/schema\\\/logo\\\/image\\\/\",\"url\":\"https:\\\/\\\/wuppus.com\\\/wp-content\\\/uploads\\\/2021\\\/12\\\/Logo1-1.gif\",\"contentUrl\":\"https:\\\/\\\/wuppus.com\\\/wp-content\\\/uploads\\\/2021\\\/12\\\/Logo1-1.gif\",\"width\":809,\"height\":272,\"caption\":\"WUPPUS Classic Cars - WUPPUS GmbH & Co. KG\"},\"image\":{\"@id\":\"https:\\\/\\\/wuppus.com\\\/#\\\/schema\\\/logo\\\/image\\\/\"}}]}<\/script>\n<!-- \/ Yoast SEO plugin. -->","yoast_head_json":{"title":"Fahrzeugankauf - WUPPUS Classic Cars","robots":{"index":"index","follow":"follow","max-snippet":"max-snippet:-1","max-image-preview":"max-image-preview:large","max-video-preview":"max-video-preview:-1"},"canonical":"https:\/\/wuppus.com\/en\/fahrzeugankauf\/","og_locale":"en_GB","og_type":"article","og_title":"Fahrzeugankauf - WUPPUS Classic Cars","og_description":"Fahrzeugankauf Wir sind st\u00e4ndig auf der Suche nach klassischen Fahrzeugen. Auch Restaurationsobjekte oder abgebrochene Restaurationen sind interessant f\u00fcr uns.Voraussetzung ist, dass die Papiere vollst\u00e4ndig sind (z.B. Zulassungsbescheinigung\/Fahrzeugbrief, US-Title). Importfahrzeuge von au\u00dferhalb der EU sollten verzollt sein.Wenn sie Ihren Oldtimer verkaufen wollen, sprechen sie uns an. Wir ben\u00f6tigen folgende Informationen: Fahrzeugtyp, technische Daten, Baujahr, T\u00dcV Zustandsbeschreibung [&hellip;]","og_url":"https:\/\/wuppus.com\/en\/fahrzeugankauf\/","og_site_name":"WUPPUS Classic Cars","article_modified_time":"2021-12-28T15:04:52+00:00","twitter_card":"summary_large_image","schema":{"@context":"https:\/\/schema.org","@graph":[{"@type":"WebPage","@id":"https:\/\/wuppus.com\/en\/fahrzeugankauf\/","url":"https:\/\/wuppus.com\/en\/fahrzeugankauf\/","name":"Fahrzeugankauf - WUPPUS Classic Cars","isPartOf":{"@id":"https:\/\/wuppus.com\/#website"},"datePublished":"2021-12-25T10:05:16+00:00","dateModified":"2021-12-28T15:04:52+00:00","breadcrumb":{"@id":"https:\/\/wuppus.com\/en\/fahrzeugankauf\/#breadcrumb"},"inLanguage":"en-GB","potentialAction":[{"@type":"ReadAction","target":["https:\/\/wuppus.com\/en\/fahrzeugankauf\/"]}]},{"@type":"BreadcrumbList","@id":"https:\/\/wuppus.com\/en\/fahrzeugankauf\/#breadcrumb","itemListElement":[{"@type":"ListItem","position":1,"name":"Startseite","item":"https:\/\/wuppus.com\/"},{"@type":"ListItem","position":2,"name":"Fahrzeugankauf"}]},{"@type":"WebSite","@id":"https:\/\/wuppus.com\/#website","url":"https:\/\/wuppus.com\/","name":"WUPPUS Classic Cars","description":"Oldtimer Classic Cars Jaguar E-Type Mercedes Autoankauf Autoverkauf Restauration Karosseriearbeiten Oldtimerhandel Autohandel Oldtimerverkauf Oldtimerankauf Instandsetzung Reparatur Restoration Cars for sale wir vintage","publisher":{"@id":"https:\/\/wuppus.com\/#organization"},"potentialAction":[{"@type":"SearchAction","target":{"@type":"EntryPoint","urlTemplate":"https:\/\/wuppus.com\/?s={search_term_string}"},"query-input":{"@type":"PropertyValueSpecification","valueRequired":true,"valueName":"search_term_string"}}],"inLanguage":"en-GB"},{"@type":"Organization","@id":"https:\/\/wuppus.com\/#organization","name":"WUPPUS Classic Cars - WUPPUS GmbH & Co. KG","url":"https:\/\/wuppus.com\/","logo":{"@type":"ImageObject","inLanguage":"en-GB","@id":"https:\/\/wuppus.com\/#\/schema\/logo\/image\/","url":"https:\/\/wuppus.com\/wp-content\/uploads\/2021\/12\/Logo1-1.gif","contentUrl":"https:\/\/wuppus.com\/wp-content\/uploads\/2021\/12\/Logo1-1.gif","width":809,"height":272,"caption":"WUPPUS Classic Cars - WUPPUS GmbH & Co. KG"},"image":{"@id":"https:\/\/wuppus.com\/#\/schema\/logo\/image\/"}}]}},"_links":{"self":[{"href":"http:\/\/wuppus.com\/en\/wp-json\/wp\/v2\/pages\/69","targetHints":{"allow":["GET"]}}],"collection":[{"href":"http:\/\/wuppus.com\/en\/wp-json\/wp\/v2\/pages"}],"about":[{"href":"http:\/\/wuppus.com\/en\/wp-json\/wp\/v2\/types\/page"}],"author":[{"embeddable":true,"href":"http:\/\/wuppus.com\/en\/wp-json\/wp\/v2\/users\/1"}],"replies":[{"embeddable":true,"href":"http:\/\/wuppus.com\/en\/wp-json\/wp\/v2\/comments?post=69"}],"version-history":[{"count":16,"href":"http:\/\/wuppus.com\/en\/wp-json\/wp\/v2\/pages\/69\/revisions"}],"predecessor-version":[{"id":994,"href":"http:\/\/wuppus.com\/en\/wp-json\/wp\/v2\/pages\/69\/revisions\/994"}],"wp:attachment":[{"href":"http:\/\/wuppus.com\/en\/wp-json\/wp\/v2\/media?parent=69"}],"curies":[{"name":"wp","href":"https:\/\/api.w.org\/{rel}","templated":true}]}}